{"id":3132,"date":"2024-04-04T14:00:27","date_gmt":"2024-04-04T12:00:27","guid":{"rendered":"https:\/\/mspowerbi.pl\/microsoft-power-bi\/data-visualization\/"},"modified":"2025-12-29T12:34:35","modified_gmt":"2025-12-29T11:34:35","slug":"data-visualization","status":"publish","type":"page","link":"https:\/\/powerbi.pl\/en\/microsoft-power-bi\/data-visualization","title":{"rendered":"Advanced data visualization"},"content":{"rendered":"\t\t<div data-elementor-type=\"wp-page\" data-elementor-id=\"3132\" class=\"elementor elementor-3132 elementor-1541\" data-elementor-post-type=\"page\">\n\t\t\t\t<div class=\"elementor-element elementor-element-9e2ee96 e-flex e-con-boxed e-con e-parent\" data-id=\"9e2ee96\" data-element_type=\"container\" data-e-type=\"container\">\n\t\t\t\t\t<div class=\"e-con-inner\">\n\t\t\t\t<div class=\"elementor-element elementor-element-5c2cafd elementor-align-left elementor-widget elementor-widget-button\" data-id=\"5c2cafd\" data-element_type=\"widget\" data-e-type=\"widget\" data-widget_type=\"button.default\">\n\t\t\t\t<div class=\"elementor-widget-container\">\n\t\t\t\t\t\t\t\t\t<div class=\"elementor-button-wrapper\">\n\t\t\t\t\t<a class=\"elementor-button elementor-button-link elementor-size-sm\" href=\"https:\/\/powerbi.pl\/en\/microsoft-power-bi\">\n\t\t\t\t\t\t<span class=\"elementor-button-content-wrapper\">\n\t\t\t\t\t\t\t\t\t<span class=\"elementor-button-text\">Microsoft Power BI<\/span>\n\t\t\t\t\t<\/span>\n\t\t\t\t\t<\/a>\n\t\t\t\t<\/div>\n\t\t\t\t\t\t\t\t<\/div>\n\t\t\t\t<\/div>\n\t\t\t\t\t<\/div>\n\t\t\t\t<\/div>\n\t\t<div class=\"elementor-element elementor-element-6b08955 e-flex e-con-boxed e-con e-parent\" data-id=\"6b08955\" data-element_type=\"container\" data-e-type=\"container\">\n\t\t\t\t\t<div class=\"e-con-inner\">\n\t\t<div class=\"elementor-element elementor-element-c1b9dc7 e-con-full elementor-hidden-tablet elementor-hidden-mobile e-flex e-con e-child\" data-id=\"c1b9dc7\" data-element_type=\"container\" data-e-type=\"container\">\n\t\t\t\t<\/div>\n\t\t<div class=\"elementor-element elementor-element-c303bed e-con-full e-flex e-con e-child\" data-id=\"c303bed\" data-element_type=\"container\" data-e-type=\"container\">\n\t\t\t\t<div class=\"elementor-element elementor-element-06aa5fd elementor-widget elementor-widget-heading\" data-id=\"06aa5fd\" data-element_type=\"widget\" data-e-type=\"widget\" data-widget_type=\"heading.default\">\n\t\t\t\t<div class=\"elementor-widget-container\">\n\t\t\t\t\t<h2 class=\"elementor-heading-title elementor-size-default\">Data visualization\nin Power BI<\/h2>\t\t\t\t<\/div>\n\t\t\t\t<\/div>\n\t\t\t\t<div class=\"elementor-element elementor-element-42d9593 elementor-widget elementor-widget-text-editor\" data-id=\"42d9593\" data-element_type=\"widget\" data-e-type=\"widget\" data-widget_type=\"text-editor.default\">\n\t\t\t\t<div class=\"elementor-widget-container\">\n\t\t\t\t\t\t\t\t\t<p><strong>Power BI is Microsoft&#8217;s analytics platform <\/strong>that enables advanced data visualization and information analysis in an accessible, business-friendly format. Interactive reports and dynamic charts make it possible to quickly understand complex data sets and make informed decisions based on facts. <\/p>\t\t\t\t\t\t\t\t<\/div>\n\t\t\t\t<\/div>\n\t\t\t\t<div class=\"elementor-element elementor-element-75e5740 elementor-widget elementor-widget-heading\" data-id=\"75e5740\" data-element_type=\"widget\" data-e-type=\"widget\" data-widget_type=\"heading.default\">\n\t\t\t\t<div class=\"elementor-widget-container\">\n\t\t\t\t\t<h2 class=\"elementor-heading-title elementor-size-default\">Interactive reports and dashboards<\/h2>\t\t\t\t<\/div>\n\t\t\t\t<\/div>\n\t\t\t\t<div class=\"elementor-element elementor-element-71f36bc elementor-widget-divider--view-line elementor-widget elementor-widget-divider\" data-id=\"71f36bc\" data-element_type=\"widget\" data-e-type=\"widget\" data-widget_type=\"divider.default\">\n\t\t\t\t<div class=\"elementor-widget-container\">\n\t\t\t\t\t\t\t<div class=\"elementor-divider\">\n\t\t\t<span class=\"elementor-divider-separator\">\n\t\t\t\t\t\t<\/span>\n\t\t<\/div>\n\t\t\t\t\t\t<\/div>\n\t\t\t\t<\/div>\n\t\t\t\t<div class=\"elementor-element elementor-element-a37f45d elementor-widget elementor-widget-text-editor\" data-id=\"a37f45d\" data-element_type=\"widget\" data-e-type=\"widget\" data-widget_type=\"text-editor.default\">\n\t\t\t\t<div class=\"elementor-widget-container\">\n\t\t\t\t\t\t\t\t\t<p data-start=\"852\" data-end=\"1091\">Quick access to the right information is crucial for the smooth functioning and development of a business. Power BI allows you to create reports and dashboards containing data visualizations in the form of charts and diagrams, such as: <\/p><ul data-start=\"1093\" data-end=\"1207\"><li data-start=\"1093\" data-end=\"1132\"><p data-start=\"1095\" data-end=\"1132\">line, column, and pie charts<\/p><\/li><li data-start=\"1133\" data-end=\"1170\"><p data-start=\"1135\" data-end=\"1170\">maps and hierarchical visualizations<\/p><\/li><li data-start=\"1171\" data-end=\"1207\"><p data-start=\"1173\" data-end=\"1207\">tables, matrices, and KPIs<\/p><\/li><\/ul><p data-start=\"1209\" data-end=\"1345\">The data presented in Power BI is updated dynamically, which means you get a real-time view of your company&#8217;s situation based on current data sources.<\/p><p data-start=\"1209\" data-end=\"1345\"> <\/p><p data-start=\"1347\" data-end=\"1620\">Dashboards enable monitoring of key metrics, quick search for answers, and ad hoc data analysis. Thanks to filters, interactions, and the ability to highlight selected elements, users can focus on the information that is most important from their perspective. <\/p><p data-start=\"1622\" data-end=\"1764\">Power BI oferuje r\u00f3wnie\u017c funkcj\u0119 pyta\u0144 i odpowiedzi w j\u0119zyku naturalnym \u2013 zadane pytanie zwracane jest w formie czytelnej wizualizacji danych.<\/p>\t\t\t\t\t\t\t\t<\/div>\n\t\t\t\t<\/div>\n\t\t\t\t<div class=\"elementor-element elementor-element-65b2fdf elementor-widget elementor-widget-image\" data-id=\"65b2fdf\" data-element_type=\"widget\" data-e-type=\"widget\" data-widget_type=\"image.default\">\n\t\t\t\t<div class=\"elementor-widget-container\">\n\t\t\t\t\t\t\t\t\t\t\t\t\t\t\t<img fetchpriority=\"high\" decoding=\"async\" width=\"640\" height=\"358\" src=\"https:\/\/powerbi.pl\/wp-content\/uploads\/2024\/04\/xpower-bi-wizualizacja-dancyh.png.pagespeed.ic_.ZKEDrGmt9W.webp\" class=\"attachment-large size-large wp-image-2253\" alt=\"\" srcset=\"https:\/\/powerbi.pl\/wp-content\/uploads\/2024\/04\/xpower-bi-wizualizacja-dancyh.png.pagespeed.ic_.ZKEDrGmt9W.webp 791w, https:\/\/powerbi.pl\/wp-content\/uploads\/2024\/04\/xpower-bi-wizualizacja-dancyh.png.pagespeed.ic_.ZKEDrGmt9W-300x168.webp 300w, https:\/\/powerbi.pl\/wp-content\/uploads\/2024\/04\/xpower-bi-wizualizacja-dancyh.png.pagespeed.ic_.ZKEDrGmt9W-768x429.webp 768w, https:\/\/powerbi.pl\/wp-content\/uploads\/2024\/04\/xpower-bi-wizualizacja-dancyh.png.pagespeed.ic_.ZKEDrGmt9W-600x335.webp 600w\" sizes=\"(max-width: 640px) 100vw, 640px\" \/>\t\t\t\t\t\t\t\t\t\t\t\t\t\t\t<\/div>\n\t\t\t\t<\/div>\n\t\t\t\t<div class=\"elementor-element elementor-element-4538948 elementor-widget elementor-widget-text-editor\" data-id=\"4538948\" data-element_type=\"widget\" data-e-type=\"widget\" data-widget_type=\"text-editor.default\">\n\t\t\t\t<div class=\"elementor-widget-container\">\n\t\t\t\t\t\t\t\t\t<p>Reports and dashboards are built intuitively, by drag and drop, and there is an extensive library of modern and interactive visualizations provided by Microsoft and its partners at your disposal. You can also create your own visualization using theme, formatting and layout tools.<\/p><p> <\/p><p>You can easily publish reports and analyses created in Power BI and share them with colleagues.<\/p>\t\t\t\t\t\t\t\t<\/div>\n\t\t\t\t<\/div>\n\t\t\t\t<div class=\"elementor-element elementor-element-c3e6e76 elementor-widget elementor-widget-heading\" data-id=\"c3e6e76\" data-element_type=\"widget\" data-e-type=\"widget\" data-widget_type=\"heading.default\">\n\t\t\t\t<div class=\"elementor-widget-container\">\n\t\t\t\t\t<h2 class=\"elementor-heading-title elementor-size-default\">Collaboration through data visualization<\/h2>\t\t\t\t<\/div>\n\t\t\t\t<\/div>\n\t\t\t\t<div class=\"elementor-element elementor-element-7e4ad23 elementor-widget-divider--view-line elementor-widget elementor-widget-divider\" data-id=\"7e4ad23\" data-element_type=\"widget\" data-e-type=\"widget\" data-widget_type=\"divider.default\">\n\t\t\t\t<div class=\"elementor-widget-container\">\n\t\t\t\t\t\t\t<div class=\"elementor-divider\">\n\t\t\t<span class=\"elementor-divider-separator\">\n\t\t\t\t\t\t<\/span>\n\t\t<\/div>\n\t\t\t\t\t\t<\/div>\n\t\t\t\t<\/div>\n\t\t\t\t<div class=\"elementor-element elementor-element-90acad7 elementor-widget elementor-widget-text-editor\" data-id=\"90acad7\" data-element_type=\"widget\" data-e-type=\"widget\" data-widget_type=\"text-editor.default\">\n\t\t\t\t<div class=\"elementor-widget-container\">\n\t\t\t\t\t\t\t\t\t<p>One of the greatest benefits of Power BI is the ability to easily share reports and dashboards across the organization. Reports can be published to Power BI Service, embedded in Microsoft Teams, SharePoint sites, or internal applications. <\/p><p> <\/p><p> <\/p><p>Data visualization in Power BI becomes an element of everyday work of teams \u2013 regardless of department or location. Collaboration based on a common source of data (single source of truth) facilitates faster decision-making and eliminates misunderstandings. <\/p>\t\t\t\t\t\t\t\t<\/div>\n\t\t\t\t<\/div>\n\t\t\t\t<div class=\"elementor-element elementor-element-68c7223 elementor-widget elementor-widget-heading\" data-id=\"68c7223\" data-element_type=\"widget\" data-e-type=\"widget\" data-widget_type=\"heading.default\">\n\t\t\t\t<div class=\"elementor-widget-container\">\n\t\t\t\t\t<h2 class=\"elementor-heading-title elementor-size-default\">What kind of visualizations can you create?<\/h2>\t\t\t\t<\/div>\n\t\t\t\t<\/div>\n\t\t\t\t<div class=\"elementor-element elementor-element-705fc62 elementor-widget-divider--view-line elementor-widget elementor-widget-divider\" data-id=\"705fc62\" data-element_type=\"widget\" data-e-type=\"widget\" data-widget_type=\"divider.default\">\n\t\t\t\t<div class=\"elementor-widget-container\">\n\t\t\t\t\t\t\t<div class=\"elementor-divider\">\n\t\t\t<span class=\"elementor-divider-separator\">\n\t\t\t\t\t\t<\/span>\n\t\t<\/div>\n\t\t\t\t\t\t<\/div>\n\t\t\t\t<\/div>\n\t\t\t\t<div class=\"elementor-element elementor-element-74fbcbc elementor-widget elementor-widget-text-editor\" data-id=\"74fbcbc\" data-element_type=\"widget\" data-e-type=\"widget\" data-widget_type=\"text-editor.default\">\n\t\t\t\t<div class=\"elementor-widget-container\">\n\t\t\t\t\t\t\t\t\t<p class=\"MsoNormal\">Power BI provides a library of modern visualizations that allow you to present data in the most understandable and attractive form. As part of <b>data visualization in Power BI<\/b>, you can create, among others: <\/p><ul style=\"margin-top: 0cm;\" type=\"disc\"><li class=\"MsoNormal\">line, column and bar charts<\/li><li class=\"MsoNormal\">pie and donut charts<\/li><li class=\"MsoNormal\">heat and geographic maps<\/li><li class=\"MsoNormal\">decision trees<\/li><li class=\"MsoNormal\">waterfall and bullet charts<\/li><li class=\"MsoNormal\">interactive tables and matrices<\/li><li class=\"MsoNormal\">custom visualizations downloaded from the marketplace<\/li><\/ul><p class=\"MsoNormal\">Each type of visualization can be stylized and tailored to your organization&#8217;s branding.<\/p>\t\t\t\t\t\t\t\t<\/div>\n\t\t\t\t<\/div>\n\t\t\t\t<div class=\"elementor-element elementor-element-bbc9e58 elementor-widget elementor-widget-heading\" data-id=\"bbc9e58\" data-element_type=\"widget\" data-e-type=\"widget\" data-widget_type=\"heading.default\">\n\t\t\t\t<div class=\"elementor-widget-container\">\n\t\t\t\t\t<h2 class=\"elementor-heading-title elementor-size-default\">Take advantage of EBIS help!<\/h2>\t\t\t\t<\/div>\n\t\t\t\t<\/div>\n\t\t\t\t<div class=\"elementor-element elementor-element-63de267 elementor-widget-divider--view-line elementor-widget elementor-widget-divider\" data-id=\"63de267\" data-element_type=\"widget\" data-e-type=\"widget\" data-widget_type=\"divider.default\">\n\t\t\t\t<div class=\"elementor-widget-container\">\n\t\t\t\t\t\t\t<div class=\"elementor-divider\">\n\t\t\t<span class=\"elementor-divider-separator\">\n\t\t\t\t\t\t<\/span>\n\t\t<\/div>\n\t\t\t\t\t\t<\/div>\n\t\t\t\t<\/div>\n\t\t\t\t<div class=\"elementor-element elementor-element-e68bc24 elementor-widget elementor-widget-text-editor\" data-id=\"e68bc24\" data-element_type=\"widget\" data-e-type=\"widget\" data-widget_type=\"text-editor.default\">\n\t\t\t\t<div class=\"elementor-widget-container\">\n\t\t\t\t\t\t\t\t\t<p class=\"MsoNormal\">EBIS is a team of experts specializing in Microsoft Power BI tools. As a Microsoft partner, we have been supporting companies in the effective implementation of data analysis and visualization solutions for years. With our help:  <\/p><ul style=\"margin-top: 0cm;\" type=\"disc\"><li class=\"MsoNormal\">you will build clear reports and dashboards tailored to your needs<\/li><li class=\"MsoNormal\">you will integrate data from many sources in one place<\/li><li class=\"MsoNormal\">you will train your team in using Power BI<\/li><li class=\"MsoNormal\">you will use the full potential of data visualization in Power BI<\/li><\/ul><p class=\"MsoNormal\">Whether you&#8217;re just starting out or growing your analytics environment, we&#8217;ll help you make good data-driven decisions.<\/p>\t\t\t\t\t\t\t\t<\/div>\n\t\t\t\t<\/div>\n\t\t<div class=\"elementor-element elementor-element-50075f9 e-con-full e-flex e-con e-child\" data-id=\"50075f9\" data-element_type=\"container\" data-e-type=\"container\">\n\t\t\t\t<div class=\"elementor-element elementor-element-bee64ff elementor-widget elementor-widget-button\" data-id=\"bee64ff\" data-element_type=\"widget\" data-e-type=\"widget\" data-widget_type=\"button.default\">\n\t\t\t\t<div class=\"elementor-widget-container\">\n\t\t\t\t\t\t\t\t\t<div class=\"elementor-button-wrapper\">\n\t\t\t\t\t<a class=\"elementor-button elementor-button-link elementor-size-sm\" href=\"https:\/\/powerbi.pl\/en\/make-a-free-appointment\">\n\t\t\t\t\t\t<span class=\"elementor-button-content-wrapper\">\n\t\t\t\t\t\t\t\t\t<span class=\"elementor-button-text\">Schedule a free consultation<\/span>\n\t\t\t\t\t<\/span>\n\t\t\t\t\t<\/a>\n\t\t\t\t<\/div>\n\t\t\t\t\t\t\t\t<\/div>\n\t\t\t\t<\/div>\n\t\t\t\t<\/div>\n\t\t\t\t<\/div>\n\t\t\t\t\t<\/div>\n\t\t\t\t<\/div>\n\t\t\t\t<\/div>\n\t\t","protected":false},"excerpt":{"rendered":"<p>Microsoft Power BI Data visualization in Power BI Power BI is Microsoft&#8217;s analytics platform that enables advanced data visualization and information analysis in an accessible, business-friendly format. Interactive reports and dynamic charts make it possible to quickly understand complex data sets and make informed decisions based on facts. Interactive reports and dashboards Quick access to [&hellip;]<\/p>\n","protected":false},"author":1,"featured_media":0,"parent":3113,"menu_order":0,"comment_status":"closed","ping_status":"closed","template":"","meta":{"inline_featured_image":false,"footnotes":""},"class_list":["post-3132","page","type-page","status-publish","hentry"],"yoast_head":"<!-- This site is optimized with the Yoast SEO plugin v27.0 - https:\/\/yoast.com\/product\/yoast-seo-wordpress\/ -->\n<title>Data visualization in Power BI \u2013 the key to effective analytics<\/title>\n<meta name=\"description\" content=\"Data visualization in Power BI is fast and intuitive reporting. Gain insight into your data in real time and share it easily!\" \/>\n<meta name=\"robots\" content=\"index, follow, max-snippet:-1, max-image-preview:large, max-video-preview:-1\" \/>\n<link rel=\"canonical\" href=\"https:\/\/powerbi.pl\/en\/microsoft-power-bi\/data-visualization\" \/>\n<meta property=\"og:locale\" content=\"en_US\" \/>\n<meta property=\"og:type\" content=\"article\" \/>\n<meta property=\"og:title\" content=\"Data visualization in Power BI \u2013 the key to effective analytics\" \/>\n<meta property=\"og:description\" content=\"Data visualization in Power BI is fast and intuitive reporting. Gain insight into your data in real time and share it easily!\" \/>\n<meta property=\"og:url\" content=\"https:\/\/powerbi.pl\/en\/microsoft-power-bi\/data-visualization\" \/>\n<meta property=\"og:site_name\" content=\"EBIS - Microsoft Power BI Partner\" \/>\n<meta property=\"article:modified_time\" content=\"2025-12-29T11:34:35+00:00\" \/>\n<meta property=\"og:image\" content=\"https:\/\/powerbi.pl\/wp-content\/uploads\/2024\/04\/xpower-bi-wizualizacja-dancyh.png.pagespeed.ic_.ZKEDrGmt9W.webp\" \/>\n\t<meta property=\"og:image:width\" content=\"791\" \/>\n\t<meta property=\"og:image:height\" content=\"442\" \/>\n\t<meta property=\"og:image:type\" content=\"image\/webp\" \/>\n<meta name=\"twitter:card\" content=\"summary_large_image\" \/>\n<meta name=\"twitter:label1\" content=\"Est. reading time\" \/>\n\t<meta name=\"twitter:data1\" content=\"2 minutes\" \/>\n<script type=\"application\/ld+json\" class=\"yoast-schema-graph\">{\"@context\":\"https:\/\/schema.org\",\"@graph\":[{\"@type\":\"WebPage\",\"@id\":\"https:\/\/powerbi.pl\/en\/microsoft-power-bi\/data-visualization\",\"url\":\"https:\/\/powerbi.pl\/en\/microsoft-power-bi\/data-visualization\",\"name\":\"Data visualization in Power BI \u2013 the key to effective analytics\",\"isPartOf\":{\"@id\":\"https:\/\/powerbi.pl\/en#website\"},\"primaryImageOfPage\":{\"@id\":\"https:\/\/powerbi.pl\/en\/microsoft-power-bi\/data-visualization#primaryimage\"},\"image\":{\"@id\":\"https:\/\/powerbi.pl\/en\/microsoft-power-bi\/data-visualization#primaryimage\"},\"thumbnailUrl\":\"https:\/\/powerbi.pl\/wp-content\/uploads\/2024\/04\/xpower-bi-wizualizacja-dancyh.png.pagespeed.ic_.ZKEDrGmt9W.webp\",\"datePublished\":\"2024-04-04T12:00:27+00:00\",\"dateModified\":\"2025-12-29T11:34:35+00:00\",\"description\":\"Data visualization in Power BI is fast and intuitive reporting. Gain insight into your data in real time and share it easily!\",\"breadcrumb\":{\"@id\":\"https:\/\/powerbi.pl\/en\/microsoft-power-bi\/data-visualization#breadcrumb\"},\"inLanguage\":\"en-US\",\"potentialAction\":[{\"@type\":\"ReadAction\",\"target\":[\"https:\/\/powerbi.pl\/en\/microsoft-power-bi\/data-visualization\"]}]},{\"@type\":\"ImageObject\",\"inLanguage\":\"en-US\",\"@id\":\"https:\/\/powerbi.pl\/en\/microsoft-power-bi\/data-visualization#primaryimage\",\"url\":\"https:\/\/powerbi.pl\/wp-content\/uploads\/2024\/04\/xpower-bi-wizualizacja-dancyh.png.pagespeed.ic_.ZKEDrGmt9W.webp\",\"contentUrl\":\"https:\/\/powerbi.pl\/wp-content\/uploads\/2024\/04\/xpower-bi-wizualizacja-dancyh.png.pagespeed.ic_.ZKEDrGmt9W.webp\"},{\"@type\":\"BreadcrumbList\",\"@id\":\"https:\/\/powerbi.pl\/en\/microsoft-power-bi\/data-visualization#breadcrumb\",\"itemListElement\":[{\"@type\":\"ListItem\",\"position\":1,\"name\":\"Strona g\u0142\u00f3wna\",\"item\":\"https:\/\/powerbi.pl\/en\/home-page\"},{\"@type\":\"ListItem\",\"position\":2,\"name\":\"Microsoft Power BI\",\"item\":\"https:\/\/powerbi.pl\/en\/microsoft-power-bi\"},{\"@type\":\"ListItem\",\"position\":3,\"name\":\"Advanced data visualization\"}]},{\"@type\":\"WebSite\",\"@id\":\"https:\/\/powerbi.pl\/en#website\",\"url\":\"https:\/\/powerbi.pl\/en\",\"name\":\"EBIS - Microsoft Power BI Partner\",\"description\":\"us\u0142ugi analityczne\",\"publisher\":{\"@id\":\"https:\/\/powerbi.pl\/en#organization\"},\"alternateName\":\"Microsoft Power BI\",\"potentialAction\":[{\"@type\":\"SearchAction\",\"target\":{\"@type\":\"EntryPoint\",\"urlTemplate\":\"https:\/\/powerbi.pl\/en?s={search_term_string}\"},\"query-input\":{\"@type\":\"PropertyValueSpecification\",\"valueRequired\":true,\"valueName\":\"search_term_string\"}}],\"inLanguage\":\"en-US\"},{\"@type\":\"Organization\",\"@id\":\"https:\/\/powerbi.pl\/en#organization\",\"name\":\"EBIS\",\"alternateName\":\"EBIS\",\"url\":\"https:\/\/powerbi.pl\/en\",\"logo\":{\"@type\":\"ImageObject\",\"inLanguage\":\"en-US\",\"@id\":\"https:\/\/powerbi.pl\/en#\/schema\/logo\/image\/\",\"url\":\"https:\/\/powerbi.pl\/wp-content\/uploads\/2025\/12\/favicon-ebis.png\",\"contentUrl\":\"https:\/\/powerbi.pl\/wp-content\/uploads\/2025\/12\/favicon-ebis.png\",\"width\":512,\"height\":512,\"caption\":\"EBIS\"},\"image\":{\"@id\":\"https:\/\/powerbi.pl\/en#\/schema\/logo\/image\/\"},\"sameAs\":[\"https:\/\/www.linkedin.com\/company\/ebis-business-intelligence\/\"]}]}<\/script>\n<!-- \/ Yoast SEO plugin. -->","yoast_head_json":{"title":"Data visualization in Power BI \u2013 the key to effective analytics","description":"Data visualization in Power BI is fast and intuitive reporting. Gain insight into your data in real time and share it easily!","robots":{"index":"index","follow":"follow","max-snippet":"max-snippet:-1","max-image-preview":"max-image-preview:large","max-video-preview":"max-video-preview:-1"},"canonical":"https:\/\/powerbi.pl\/en\/microsoft-power-bi\/data-visualization","og_locale":"en_US","og_type":"article","og_title":"Data visualization in Power BI \u2013 the key to effective analytics","og_description":"Data visualization in Power BI is fast and intuitive reporting. Gain insight into your data in real time and share it easily!","og_url":"https:\/\/powerbi.pl\/en\/microsoft-power-bi\/data-visualization","og_site_name":"EBIS - Microsoft Power BI Partner","article_modified_time":"2025-12-29T11:34:35+00:00","og_image":[{"width":791,"height":442,"url":"https:\/\/powerbi.pl\/wp-content\/uploads\/2024\/04\/xpower-bi-wizualizacja-dancyh.png.pagespeed.ic_.ZKEDrGmt9W.webp","type":"image\/webp"}],"twitter_card":"summary_large_image","twitter_misc":{"Est. reading time":"2 minutes"},"schema":{"@context":"https:\/\/schema.org","@graph":[{"@type":"WebPage","@id":"https:\/\/powerbi.pl\/en\/microsoft-power-bi\/data-visualization","url":"https:\/\/powerbi.pl\/en\/microsoft-power-bi\/data-visualization","name":"Data visualization in Power BI \u2013 the key to effective analytics","isPartOf":{"@id":"https:\/\/powerbi.pl\/en#website"},"primaryImageOfPage":{"@id":"https:\/\/powerbi.pl\/en\/microsoft-power-bi\/data-visualization#primaryimage"},"image":{"@id":"https:\/\/powerbi.pl\/en\/microsoft-power-bi\/data-visualization#primaryimage"},"thumbnailUrl":"https:\/\/powerbi.pl\/wp-content\/uploads\/2024\/04\/xpower-bi-wizualizacja-dancyh.png.pagespeed.ic_.ZKEDrGmt9W.webp","datePublished":"2024-04-04T12:00:27+00:00","dateModified":"2025-12-29T11:34:35+00:00","description":"Data visualization in Power BI is fast and intuitive reporting. Gain insight into your data in real time and share it easily!","breadcrumb":{"@id":"https:\/\/powerbi.pl\/en\/microsoft-power-bi\/data-visualization#breadcrumb"},"inLanguage":"en-US","potentialAction":[{"@type":"ReadAction","target":["https:\/\/powerbi.pl\/en\/microsoft-power-bi\/data-visualization"]}]},{"@type":"ImageObject","inLanguage":"en-US","@id":"https:\/\/powerbi.pl\/en\/microsoft-power-bi\/data-visualization#primaryimage","url":"https:\/\/powerbi.pl\/wp-content\/uploads\/2024\/04\/xpower-bi-wizualizacja-dancyh.png.pagespeed.ic_.ZKEDrGmt9W.webp","contentUrl":"https:\/\/powerbi.pl\/wp-content\/uploads\/2024\/04\/xpower-bi-wizualizacja-dancyh.png.pagespeed.ic_.ZKEDrGmt9W.webp"},{"@type":"BreadcrumbList","@id":"https:\/\/powerbi.pl\/en\/microsoft-power-bi\/data-visualization#breadcrumb","itemListElement":[{"@type":"ListItem","position":1,"name":"Strona g\u0142\u00f3wna","item":"https:\/\/powerbi.pl\/en\/home-page"},{"@type":"ListItem","position":2,"name":"Microsoft Power BI","item":"https:\/\/powerbi.pl\/en\/microsoft-power-bi"},{"@type":"ListItem","position":3,"name":"Advanced data visualization"}]},{"@type":"WebSite","@id":"https:\/\/powerbi.pl\/en#website","url":"https:\/\/powerbi.pl\/en","name":"EBIS - Microsoft Power BI Partner","description":"us\u0142ugi analityczne","publisher":{"@id":"https:\/\/powerbi.pl\/en#organization"},"alternateName":"Microsoft Power BI","potentialAction":[{"@type":"SearchAction","target":{"@type":"EntryPoint","urlTemplate":"https:\/\/powerbi.pl\/en?s={search_term_string}"},"query-input":{"@type":"PropertyValueSpecification","valueRequired":true,"valueName":"search_term_string"}}],"inLanguage":"en-US"},{"@type":"Organization","@id":"https:\/\/powerbi.pl\/en#organization","name":"EBIS","alternateName":"EBIS","url":"https:\/\/powerbi.pl\/en","logo":{"@type":"ImageObject","inLanguage":"en-US","@id":"https:\/\/powerbi.pl\/en#\/schema\/logo\/image\/","url":"https:\/\/powerbi.pl\/wp-content\/uploads\/2025\/12\/favicon-ebis.png","contentUrl":"https:\/\/powerbi.pl\/wp-content\/uploads\/2025\/12\/favicon-ebis.png","width":512,"height":512,"caption":"EBIS"},"image":{"@id":"https:\/\/powerbi.pl\/en#\/schema\/logo\/image\/"},"sameAs":["https:\/\/www.linkedin.com\/company\/ebis-business-intelligence\/"]}]}},"_links":{"self":[{"href":"https:\/\/powerbi.pl\/en\/wp-json\/wp\/v2\/pages\/3132","targetHints":{"allow":["GET"]}}],"collection":[{"href":"https:\/\/powerbi.pl\/en\/wp-json\/wp\/v2\/pages"}],"about":[{"href":"https:\/\/powerbi.pl\/en\/wp-json\/wp\/v2\/types\/page"}],"author":[{"embeddable":true,"href":"https:\/\/powerbi.pl\/en\/wp-json\/wp\/v2\/users\/1"}],"replies":[{"embeddable":true,"href":"https:\/\/powerbi.pl\/en\/wp-json\/wp\/v2\/comments?post=3132"}],"version-history":[{"count":6,"href":"https:\/\/powerbi.pl\/en\/wp-json\/wp\/v2\/pages\/3132\/revisions"}],"predecessor-version":[{"id":10524,"href":"https:\/\/powerbi.pl\/en\/wp-json\/wp\/v2\/pages\/3132\/revisions\/10524"}],"up":[{"embeddable":true,"href":"https:\/\/powerbi.pl\/en\/wp-json\/wp\/v2\/pages\/3113"}],"wp:attachment":[{"href":"https:\/\/powerbi.pl\/en\/wp-json\/wp\/v2\/media?parent=3132"}],"curies":[{"name":"wp","href":"https:\/\/api.w.org\/{rel}","templated":true}]}}