{"id":7449,"date":"2024-10-15T11:38:38","date_gmt":"2024-10-15T09:38:38","guid":{"rendered":"https:\/\/powerbi.pl\/danke-fuer-ihren-eintrag"},"modified":"2025-06-27T12:44:28","modified_gmt":"2025-06-27T10:44:28","slug":"danke-fuer-ihren-eintrag","status":"publish","type":"page","link":"https:\/\/powerbi.pl\/de\/danke-fuer-ihren-eintrag","title":{"rendered":"Danke f\u00fcr Ihren Eintrag!"},"content":{"rendered":"\t\t<div data-elementor-type=\"wp-page\" data-elementor-id=\"7449\" class=\"elementor elementor-7449 elementor-7423\" data-elementor-post-type=\"page\">\n\t\t\t\t<div class=\"elementor-element elementor-element-854f6c0 e-flex e-con-boxed e-con e-parent\" data-id=\"854f6c0\" data-element_type=\"container\" data-e-type=\"container\">\n\t\t\t\t\t<div class=\"e-con-inner\">\n\t\t\t\t\t<\/div>\n\t\t\t\t<\/div>\n\t\t<div class=\"elementor-element elementor-element-c123ef2 e-flex e-con-boxed e-con e-parent\" data-id=\"c123ef2\" data-element_type=\"container\" data-e-type=\"container\">\n\t\t\t\t\t<div class=\"e-con-inner\">\n\t\t\t\t<div class=\"elementor-element elementor-element-60f392d elementor-widget elementor-widget-spacer\" data-id=\"60f392d\" data-element_type=\"widget\" data-e-type=\"widget\" data-widget_type=\"spacer.default\">\n\t\t\t\t<div class=\"elementor-widget-container\">\n\t\t\t\t\t\t\t<div class=\"elementor-spacer\">\n\t\t\t<div class=\"elementor-spacer-inner\"><\/div>\n\t\t<\/div>\n\t\t\t\t\t\t<\/div>\n\t\t\t\t<\/div>\n\t\t\t\t<div class=\"elementor-element elementor-element-4eefc47 elementor-widget elementor-widget-heading\" data-id=\"4eefc47\" data-element_type=\"widget\" data-e-type=\"widget\" data-widget_type=\"heading.default\">\n\t\t\t\t<div class=\"elementor-widget-container\">\n\t\t\t\t\t<h1 class=\"elementor-heading-title elementor-size-default\">Vielen Dank f\u00fcr Ihre Nachricht!<\/h1>\t\t\t\t<\/div>\n\t\t\t\t<\/div>\n\t\t\t\t<div class=\"elementor-element elementor-element-43c4a7e elementor-widget-divider--view-line elementor-widget elementor-widget-divider\" data-id=\"43c4a7e\" data-element_type=\"widget\" data-e-type=\"widget\" data-widget_type=\"divider.default\">\n\t\t\t\t<div class=\"elementor-widget-container\">\n\t\t\t\t\t\t\t<div class=\"elementor-divider\">\n\t\t\t<span class=\"elementor-divider-separator\">\n\t\t\t\t\t\t<\/span>\n\t\t<\/div>\n\t\t\t\t\t\t<\/div>\n\t\t\t\t<\/div>\n\t\t\t\t\t<\/div>\n\t\t\t\t<\/div>\n\t\t<div class=\"elementor-element elementor-element-80a642b e-flex e-con-boxed e-con e-parent\" data-id=\"80a642b\" data-element_type=\"container\" data-e-type=\"container\">\n\t\t\t\t\t<div class=\"e-con-inner\">\n\t\t\t\t<div class=\"elementor-element elementor-element-8160a70 elementor-widget elementor-widget-heading\" data-id=\"8160a70\" data-element_type=\"widget\" data-e-type=\"widget\" data-widget_type=\"heading.default\">\n\t\t\t\t<div class=\"elementor-widget-container\">\n\t\t\t\t\t<h2 class=\"elementor-heading-title elementor-size-default\">Ein EBIS-Berater wird sich in K\u00fcrze mit Ihnen in Verbindung setzen.<\/h2>\t\t\t\t<\/div>\n\t\t\t\t<\/div>\n\t\t\t\t<div class=\"elementor-element elementor-element-99ec762 elementor-align-center elementor-widget elementor-widget-button\" data-id=\"99ec762\" data-element_type=\"widget\" data-e-type=\"widget\" data-widget_type=\"button.default\">\n\t\t\t\t<div class=\"elementor-widget-container\">\n\t\t\t\t\t\t\t\t\t<div class=\"elementor-button-wrapper\">\n\t\t\t\t\t<a class=\"elementor-button elementor-button-link elementor-size-sm\" href=\"https:\/\/powerbi.pl\/de\">\n\t\t\t\t\t\t<span class=\"elementor-button-content-wrapper\">\n\t\t\t\t\t\t\t\t\t<span class=\"elementor-button-text\">Zur\u00fcck zur Hauptseite<\/span>\n\t\t\t\t\t<\/span>\n\t\t\t\t\t<\/a>\n\t\t\t\t<\/div>\n\t\t\t\t\t\t\t\t<\/div>\n\t\t\t\t<\/div>\n\t\t\t\t\t<\/div>\n\t\t\t\t<\/div>\n\t\t<div class=\"elementor-element elementor-element-09b7344 e-grid e-con-boxed e-con e-parent\" data-id=\"09b7344\" data-element_type=\"container\" data-e-type=\"container\">\n\t\t\t\t\t<div class=\"e-con-inner\">\n\t\t\t\t<div class=\"elementor-element elementor-element-d6e286b elementor-widget elementor-widget-image\" data-id=\"d6e286b\" data-element_type=\"widget\" data-e-type=\"widget\" data-widget_type=\"image.default\">\n\t\t\t\t<div class=\"elementor-widget-container\">\n\t\t\t\t\t\t\t\t\t\t\t\t\t\t\t<img fetchpriority=\"high\" decoding=\"async\" width=\"573\" height=\"347\" src=\"https:\/\/powerbi.pl\/wp-content\/uploads\/2024\/04\/power-bi-w-sprzedazy.png\" class=\"attachment-large size-large wp-image-2418\" alt=\"power bi w sprzedazy\" srcset=\"https:\/\/powerbi.pl\/wp-content\/uploads\/2024\/04\/power-bi-w-sprzedazy.png 573w, https:\/\/powerbi.pl\/wp-content\/uploads\/2024\/04\/power-bi-w-sprzedazy-300x182.png 300w\" sizes=\"(max-width: 573px) 100vw, 573px\" \/>\t\t\t\t\t\t\t\t\t\t\t\t\t\t\t<\/div>\n\t\t\t\t<\/div>\n\t\t\t\t<div class=\"elementor-element elementor-element-0a1869f elementor-widget elementor-widget-spacer\" data-id=\"0a1869f\" data-element_type=\"widget\" data-e-type=\"widget\" data-widget_type=\"spacer.default\">\n\t\t\t\t<div class=\"elementor-widget-container\">\n\t\t\t\t\t\t\t<div class=\"elementor-spacer\">\n\t\t\t<div class=\"elementor-spacer-inner\"><\/div>\n\t\t<\/div>\n\t\t\t\t\t\t<\/div>\n\t\t\t\t<\/div>\n\t\t\t\t\t<\/div>\n\t\t\t\t<\/div>\n\t\t\t\t<\/div>\n\t\t","protected":false},"excerpt":{"rendered":"<p>Vielen Dank f\u00fcr Ihre Nachricht! Ein EBIS-Berater wird sich in K\u00fcrze mit Ihnen in Verbindung setzen. Zur\u00fcck zur Hauptseite<\/p>\n","protected":false},"author":2,"featured_media":0,"parent":0,"menu_order":0,"comment_status":"closed","ping_status":"closed","template":"","meta":{"inline_featured_image":false,"footnotes":""},"class_list":["post-7449","page","type-page","status-publish","hentry"],"yoast_head":"<!-- This site is optimized with the Yoast SEO plugin v27.0 - https:\/\/yoast.com\/product\/yoast-seo-wordpress\/ -->\n<title>Danke f\u00fcr Ihren Eintrag! | EBIS - Microsoft Power BI Partner<\/title>\n<meta name=\"description\" content=\"Holen Sie sich eine kostenlose Beratung, wie Sie Microsoft Power BI in Ihrem Unternehmen einsetzen k\u00f6nnen. Melden Sie sich noch heute an!\" \/>\n<meta name=\"robots\" content=\"index, follow, max-snippet:-1, max-image-preview:large, max-video-preview:-1\" \/>\n<link rel=\"canonical\" href=\"https:\/\/powerbi.pl\/de\/danke-fuer-ihren-eintrag\" \/>\n<meta property=\"og:locale\" content=\"de_DE\" \/>\n<meta property=\"og:type\" content=\"article\" \/>\n<meta property=\"og:title\" content=\"Danke f\u00fcr Ihren Eintrag! | EBIS - Microsoft Power BI Partner\" \/>\n<meta property=\"og:description\" content=\"Holen Sie sich eine kostenlose Beratung, wie Sie Microsoft Power BI in Ihrem Unternehmen einsetzen k\u00f6nnen. Melden Sie sich noch heute an!\" \/>\n<meta property=\"og:url\" content=\"https:\/\/powerbi.pl\/de\/danke-fuer-ihren-eintrag\" \/>\n<meta property=\"og:site_name\" content=\"EBIS - Microsoft Power BI Partner\" \/>\n<meta property=\"article:modified_time\" content=\"2025-06-27T10:44:28+00:00\" \/>\n<meta property=\"og:image\" content=\"https:\/\/powerbi.pl\/wp-content\/uploads\/2024\/04\/power-bi-w-sprzedazy.png\" \/>\n<meta name=\"twitter:card\" content=\"summary_large_image\" \/>\n<script type=\"application\/ld+json\" class=\"yoast-schema-graph\">{\"@context\":\"https:\/\/schema.org\",\"@graph\":[{\"@type\":\"WebPage\",\"@id\":\"https:\/\/powerbi.pl\/de\/danke-fuer-ihren-eintrag\",\"url\":\"https:\/\/powerbi.pl\/de\/danke-fuer-ihren-eintrag\",\"name\":\"Danke f\u00fcr Ihren Eintrag! | EBIS - Microsoft Power BI Partner\",\"isPartOf\":{\"@id\":\"https:\/\/powerbi.pl\/de#website\"},\"primaryImageOfPage\":{\"@id\":\"https:\/\/powerbi.pl\/de\/danke-fuer-ihren-eintrag#primaryimage\"},\"image\":{\"@id\":\"https:\/\/powerbi.pl\/de\/danke-fuer-ihren-eintrag#primaryimage\"},\"thumbnailUrl\":\"https:\/\/powerbi.pl\/wp-content\/uploads\/2024\/04\/power-bi-w-sprzedazy.png\",\"datePublished\":\"2024-10-15T09:38:38+00:00\",\"dateModified\":\"2025-06-27T10:44:28+00:00\",\"description\":\"Holen Sie sich eine kostenlose Beratung, wie Sie Microsoft Power BI in Ihrem Unternehmen einsetzen k\u00f6nnen. Melden Sie sich noch heute an!\",\"breadcrumb\":{\"@id\":\"https:\/\/powerbi.pl\/de\/danke-fuer-ihren-eintrag#breadcrumb\"},\"inLanguage\":\"de\",\"potentialAction\":[{\"@type\":\"ReadAction\",\"target\":[\"https:\/\/powerbi.pl\/de\/danke-fuer-ihren-eintrag\"]}]},{\"@type\":\"ImageObject\",\"inLanguage\":\"de\",\"@id\":\"https:\/\/powerbi.pl\/de\/danke-fuer-ihren-eintrag#primaryimage\",\"url\":\"https:\/\/powerbi.pl\/wp-content\/uploads\/2024\/04\/power-bi-w-sprzedazy.png\",\"contentUrl\":\"https:\/\/powerbi.pl\/wp-content\/uploads\/2024\/04\/power-bi-w-sprzedazy.png\"},{\"@type\":\"BreadcrumbList\",\"@id\":\"https:\/\/powerbi.pl\/de\/danke-fuer-ihren-eintrag#breadcrumb\",\"itemListElement\":[{\"@type\":\"ListItem\",\"position\":1,\"name\":\"Strona g\u0142\u00f3wna\",\"item\":\"https:\/\/powerbi.pl\/de\/hauptseite\"},{\"@type\":\"ListItem\",\"position\":2,\"name\":\"Danke f\u00fcr Ihren Eintrag!\"}]},{\"@type\":\"WebSite\",\"@id\":\"https:\/\/powerbi.pl\/de#website\",\"url\":\"https:\/\/powerbi.pl\/de\",\"name\":\"EBIS - Microsoft Power BI Partner\",\"description\":\"us\u0142ugi analityczne\",\"publisher\":{\"@id\":\"https:\/\/powerbi.pl\/de#organization\"},\"alternateName\":\"Microsoft Power BI\",\"potentialAction\":[{\"@type\":\"SearchAction\",\"target\":{\"@type\":\"EntryPoint\",\"urlTemplate\":\"https:\/\/powerbi.pl\/de?s={search_term_string}\"},\"query-input\":{\"@type\":\"PropertyValueSpecification\",\"valueRequired\":true,\"valueName\":\"search_term_string\"}}],\"inLanguage\":\"de\"},{\"@type\":\"Organization\",\"@id\":\"https:\/\/powerbi.pl\/de#organization\",\"name\":\"EBIS\",\"alternateName\":\"EBIS\",\"url\":\"https:\/\/powerbi.pl\/de\",\"logo\":{\"@type\":\"ImageObject\",\"inLanguage\":\"de\",\"@id\":\"https:\/\/powerbi.pl\/de#\/schema\/logo\/image\/\",\"url\":\"https:\/\/powerbi.pl\/wp-content\/uploads\/2025\/12\/favicon-ebis.png\",\"contentUrl\":\"https:\/\/powerbi.pl\/wp-content\/uploads\/2025\/12\/favicon-ebis.png\",\"width\":512,\"height\":512,\"caption\":\"EBIS\"},\"image\":{\"@id\":\"https:\/\/powerbi.pl\/de#\/schema\/logo\/image\/\"},\"sameAs\":[\"https:\/\/www.linkedin.com\/company\/ebis-business-intelligence\/\"]}]}<\/script>\n<!-- \/ Yoast SEO plugin. -->","yoast_head_json":{"title":"Danke f\u00fcr Ihren Eintrag! | EBIS - Microsoft Power BI Partner","description":"Holen Sie sich eine kostenlose Beratung, wie Sie Microsoft Power BI in Ihrem Unternehmen einsetzen k\u00f6nnen. Melden Sie sich noch heute an!","robots":{"index":"index","follow":"follow","max-snippet":"max-snippet:-1","max-image-preview":"max-image-preview:large","max-video-preview":"max-video-preview:-1"},"canonical":"https:\/\/powerbi.pl\/de\/danke-fuer-ihren-eintrag","og_locale":"de_DE","og_type":"article","og_title":"Danke f\u00fcr Ihren Eintrag! | EBIS - Microsoft Power BI Partner","og_description":"Holen Sie sich eine kostenlose Beratung, wie Sie Microsoft Power BI in Ihrem Unternehmen einsetzen k\u00f6nnen. Melden Sie sich noch heute an!","og_url":"https:\/\/powerbi.pl\/de\/danke-fuer-ihren-eintrag","og_site_name":"EBIS - Microsoft Power BI Partner","article_modified_time":"2025-06-27T10:44:28+00:00","og_image":[{"url":"https:\/\/powerbi.pl\/wp-content\/uploads\/2024\/04\/power-bi-w-sprzedazy.png","type":"","width":"","height":""}],"twitter_card":"summary_large_image","schema":{"@context":"https:\/\/schema.org","@graph":[{"@type":"WebPage","@id":"https:\/\/powerbi.pl\/de\/danke-fuer-ihren-eintrag","url":"https:\/\/powerbi.pl\/de\/danke-fuer-ihren-eintrag","name":"Danke f\u00fcr Ihren Eintrag! | EBIS - Microsoft Power BI Partner","isPartOf":{"@id":"https:\/\/powerbi.pl\/de#website"},"primaryImageOfPage":{"@id":"https:\/\/powerbi.pl\/de\/danke-fuer-ihren-eintrag#primaryimage"},"image":{"@id":"https:\/\/powerbi.pl\/de\/danke-fuer-ihren-eintrag#primaryimage"},"thumbnailUrl":"https:\/\/powerbi.pl\/wp-content\/uploads\/2024\/04\/power-bi-w-sprzedazy.png","datePublished":"2024-10-15T09:38:38+00:00","dateModified":"2025-06-27T10:44:28+00:00","description":"Holen Sie sich eine kostenlose Beratung, wie Sie Microsoft Power BI in Ihrem Unternehmen einsetzen k\u00f6nnen. Melden Sie sich noch heute an!","breadcrumb":{"@id":"https:\/\/powerbi.pl\/de\/danke-fuer-ihren-eintrag#breadcrumb"},"inLanguage":"de","potentialAction":[{"@type":"ReadAction","target":["https:\/\/powerbi.pl\/de\/danke-fuer-ihren-eintrag"]}]},{"@type":"ImageObject","inLanguage":"de","@id":"https:\/\/powerbi.pl\/de\/danke-fuer-ihren-eintrag#primaryimage","url":"https:\/\/powerbi.pl\/wp-content\/uploads\/2024\/04\/power-bi-w-sprzedazy.png","contentUrl":"https:\/\/powerbi.pl\/wp-content\/uploads\/2024\/04\/power-bi-w-sprzedazy.png"},{"@type":"BreadcrumbList","@id":"https:\/\/powerbi.pl\/de\/danke-fuer-ihren-eintrag#breadcrumb","itemListElement":[{"@type":"ListItem","position":1,"name":"Strona g\u0142\u00f3wna","item":"https:\/\/powerbi.pl\/de\/hauptseite"},{"@type":"ListItem","position":2,"name":"Danke f\u00fcr Ihren Eintrag!"}]},{"@type":"WebSite","@id":"https:\/\/powerbi.pl\/de#website","url":"https:\/\/powerbi.pl\/de","name":"EBIS - Microsoft Power BI Partner","description":"us\u0142ugi analityczne","publisher":{"@id":"https:\/\/powerbi.pl\/de#organization"},"alternateName":"Microsoft Power BI","potentialAction":[{"@type":"SearchAction","target":{"@type":"EntryPoint","urlTemplate":"https:\/\/powerbi.pl\/de?s={search_term_string}"},"query-input":{"@type":"PropertyValueSpecification","valueRequired":true,"valueName":"search_term_string"}}],"inLanguage":"de"},{"@type":"Organization","@id":"https:\/\/powerbi.pl\/de#organization","name":"EBIS","alternateName":"EBIS","url":"https:\/\/powerbi.pl\/de","logo":{"@type":"ImageObject","inLanguage":"de","@id":"https:\/\/powerbi.pl\/de#\/schema\/logo\/image\/","url":"https:\/\/powerbi.pl\/wp-content\/uploads\/2025\/12\/favicon-ebis.png","contentUrl":"https:\/\/powerbi.pl\/wp-content\/uploads\/2025\/12\/favicon-ebis.png","width":512,"height":512,"caption":"EBIS"},"image":{"@id":"https:\/\/powerbi.pl\/de#\/schema\/logo\/image\/"},"sameAs":["https:\/\/www.linkedin.com\/company\/ebis-business-intelligence\/"]}]}},"_links":{"self":[{"href":"https:\/\/powerbi.pl\/de\/wp-json\/wp\/v2\/pages\/7449","targetHints":{"allow":["GET"]}}],"collection":[{"href":"https:\/\/powerbi.pl\/de\/wp-json\/wp\/v2\/pages"}],"about":[{"href":"https:\/\/powerbi.pl\/de\/wp-json\/wp\/v2\/types\/page"}],"author":[{"embeddable":true,"href":"https:\/\/powerbi.pl\/de\/wp-json\/wp\/v2\/users\/2"}],"replies":[{"embeddable":true,"href":"https:\/\/powerbi.pl\/de\/wp-json\/wp\/v2\/comments?post=7449"}],"version-history":[{"count":1,"href":"https:\/\/powerbi.pl\/de\/wp-json\/wp\/v2\/pages\/7449\/revisions"}],"predecessor-version":[{"id":7450,"href":"https:\/\/powerbi.pl\/de\/wp-json\/wp\/v2\/pages\/7449\/revisions\/7450"}],"wp:attachment":[{"href":"https:\/\/powerbi.pl\/de\/wp-json\/wp\/v2\/media?parent=7449"}],"curies":[{"name":"wp","href":"https:\/\/api.w.org\/{rel}","templated":true}]}}