{"id":3200,"date":"2024-04-18T00:01:28","date_gmt":"2024-04-17T22:01:28","guid":{"rendered":"https:\/\/mspowerbi.pl\/vereinbaren-sie-einen-kostenlosen-termin\/"},"modified":"2025-06-12T10:37:21","modified_gmt":"2025-06-12T08:37:21","slug":"vereinbaren-sie-einen-kostenlosen-termin","status":"publish","type":"page","link":"https:\/\/powerbi.pl\/de\/vereinbaren-sie-einen-kostenlosen-termin","title":{"rendered":"Vereinbaren Sie ein kostenloses Beratungsgespr\u00e4ch"},"content":{"rendered":"\t\t<div data-elementor-type=\"wp-page\" data-elementor-id=\"3200\" class=\"elementor elementor-3200 elementor-2471\" data-elementor-post-type=\"page\">\n\t\t\t\t<div class=\"elementor-element elementor-element-b63648f e-flex e-con-boxed e-con e-parent\" data-id=\"b63648f\" data-element_type=\"container\" data-e-type=\"container\">\n\t\t\t\t\t<div class=\"e-con-inner\">\n\t\t\t\t<div class=\"elementor-element elementor-element-9cb0031 elementor-widget elementor-widget-heading\" data-id=\"9cb0031\" data-element_type=\"widget\" data-e-type=\"widget\" data-widget_type=\"heading.default\">\n\t\t\t\t<div class=\"elementor-widget-container\">\n\t\t\t\t\t<h1 class=\"elementor-heading-title elementor-size-default\">Vereinbaren Sie ein kostenloses Beratungsgespr\u00e4ch<\/h1>\t\t\t\t<\/div>\n\t\t\t\t<\/div>\n\t\t\t\t<div class=\"elementor-element elementor-element-6976c50 elementor-widget elementor-widget-text-editor\" data-id=\"6976c50\" data-element_type=\"widget\" data-e-type=\"widget\" data-widget_type=\"text-editor.default\">\n\t\t\t\t<div class=\"elementor-widget-container\">\n\t\t\t\t\t\t\t\t\t<p>Profitieren Sie von einer kostenlosen Beratung durch einen Business Intelligence-Spezialisten. Finden Sie heraus, wie Sie die Leistungsf\u00e4higkeit von Power BI in Ihrem Unternehmen nutzen k\u00f6nnen. F\u00fcllen Sie das Formular aus und wir werden uns mit Ihnen in Verbindung setzen, um einen Termin zu vereinbaren, der Ihnen passt.<\/p>\t\t\t\t\t\t\t\t<\/div>\n\t\t\t\t<\/div>\n\t\t\t\t<div class=\"elementor-element elementor-element-9247587 elementor-widget elementor-widget-shortcode\" data-id=\"9247587\" data-element_type=\"widget\" data-e-type=\"widget\" data-widget_type=\"shortcode.default\">\n\t\t\t\t<div class=\"elementor-widget-container\">\n\t\t\t\t\t\t\t<div class=\"elementor-shortcode\">\n<div class=\"wpcf7 no-js\" id=\"wpcf7-f9018-o1\" lang=\"de-DE\" dir=\"ltr\" data-wpcf7-id=\"9018\">\n<div class=\"screen-reader-response\"><p role=\"status\" aria-live=\"polite\" aria-atomic=\"true\"><\/p> <ul><\/ul><\/div>\n<form action=\"\/de\/wp-json\/wp\/v2\/pages\/3200#wpcf7-f9018-o1\" method=\"post\" class=\"wpcf7-form init wpcf7-acceptance-as-validation\" aria-label=\"Kontaktformular\" novalidate=\"novalidate\" data-status=\"init\">\n<fieldset class=\"hidden-fields-container\"><input type=\"hidden\" name=\"_wpcf7\" value=\"9018\" \/><input type=\"hidden\" name=\"_wpcf7_version\" value=\"6.1.5\" \/><input type=\"hidden\" name=\"_wpcf7_locale\" value=\"de_DE\" \/><input type=\"hidden\" name=\"_wpcf7_unit_tag\" value=\"wpcf7-f9018-o1\" \/><input type=\"hidden\" name=\"_wpcf7_container_post\" value=\"0\" \/><input type=\"hidden\" name=\"_wpcf7_posted_data_hash\" value=\"\" \/><input type=\"hidden\" name=\"_wpcf7_recaptcha_response\" value=\"\" \/>\n<\/fieldset>\n<h2 class=\"form-title\">Kontakt-Formular\n<\/h2>\n<p><label><span class=\"wpcf7-form-control-wrap\" data-name=\"your-name\"><input size=\"40\" maxlength=\"400\" class=\"wpcf7-form-control wpcf7-text wpcf7-validates-as-required\" autocomplete=\"name\" aria-required=\"true\" aria-invalid=\"false\" placeholder=\"Name\" value=\"\" type=\"text\" name=\"your-name\" \/><\/span><\/label>\n<\/p>\n<p><label><span class=\"wpcf7-form-control-wrap\" data-name=\"your-email\"><input size=\"40\" maxlength=\"400\" class=\"wpcf7-form-control wpcf7-email wpcf7-validates-as-required wpcf7-text wpcf7-validates-as-email\" autocomplete=\"email\" aria-required=\"true\" aria-invalid=\"false\" placeholder=\"E-Mail*\" value=\"\" type=\"email\" name=\"your-email\" \/><\/span> <\/label>\n<\/p>\n<p><label><span class=\"wpcf7-form-control-wrap\" data-name=\"text-574\"><input size=\"40\" maxlength=\"400\" class=\"wpcf7-form-control wpcf7-text wpcf7-validates-as-required\" aria-required=\"true\" aria-invalid=\"false\" placeholder=\"Telefon*\" value=\"\" type=\"text\" name=\"text-574\" \/><\/span> <\/label>\n<\/p>\n<p><label><span class=\"wpcf7-form-control-wrap\" data-name=\"your-message\"><textarea cols=\"40\" rows=\"10\" maxlength=\"2000\" class=\"wpcf7-form-control wpcf7-textarea\" aria-invalid=\"false\" placeholder=\"Ihre Nachricht\" name=\"your-message\"><\/textarea><\/span> <\/label>\n<\/p>\n<div class=\"submit-check\">\n\t<p><span class=\"wpcf7-form-control-wrap\" data-name=\"acceptance-33\"><span class=\"wpcf7-form-control wpcf7-acceptance\"><span class=\"wpcf7-list-item\"><label><input type=\"checkbox\" name=\"acceptance-33\" value=\"1\" aria-invalid=\"false\" \/><span class=\"wpcf7-list-item-label\">Ich stimme der Verarbeitung meiner personenbezogenen Daten durch EBIS GmbH zum Zweck der Beantwortung meiner Nachricht per Telefon oder E-Mail zu.*<\/span><\/label><\/span><\/span><\/span><br \/>\n<span class=\"wpcf7-form-control-wrap\" data-name=\"acceptance-722\"><span class=\"wpcf7-form-control wpcf7-acceptance optional\"><span class=\"wpcf7-list-item\"><label><input type=\"checkbox\" name=\"acceptance-722\" value=\"1\" aria-invalid=\"false\" \/><span class=\"wpcf7-list-item-label\">Ich stimme der Verarbeitung meiner Daten durch EBIS GmbH zum Zweck des Erhalts von Updates und Marketinginhalten per E-Mail zu.<\/span><\/label><\/span><\/span><\/span>\n\t<\/p>\n<\/div>\n<div class=\"submit-btn\">\n\t<p><input class=\"wpcf7-form-control wpcf7-submit has-spinner\" type=\"submit\" value=\"Eine Nachricht schicken\" \/>\n\t<\/p>\n<\/div><div class=\"wpcf7-response-output\" aria-hidden=\"true\"><\/div>\n<\/form>\n<\/div>\n<\/div>\n\t\t\t\t\t\t<\/div>\n\t\t\t\t<\/div>\n\t\t\t\t\t<\/div>\n\t\t\t\t<\/div>\n\t\t\t\t<\/div>\n\t\t","protected":false},"excerpt":{"rendered":"<p>Vereinbaren Sie ein kostenloses Beratungsgespr\u00e4ch Profitieren Sie von einer kostenlosen Beratung durch einen Business Intelligence-Spezialisten. Finden Sie heraus, wie Sie die Leistungsf\u00e4higkeit von Power BI in Ihrem Unternehmen nutzen k\u00f6nnen. F\u00fcllen Sie das Formular aus und wir werden uns mit Ihnen in Verbindung setzen, um einen Termin zu vereinbaren, der Ihnen passt.<\/p>\n","protected":false},"author":1,"featured_media":0,"parent":0,"menu_order":0,"comment_status":"closed","ping_status":"closed","template":"","meta":{"inline_featured_image":false,"footnotes":""},"class_list":["post-3200","page","type-page","status-publish","hentry"],"yoast_head":"<!-- This site is optimized with the Yoast SEO plugin v27.4 - https:\/\/yoast.com\/product\/yoast-seo-wordpress\/ -->\n<title>Vereinbaren Sie eine kostenlose Power BI-Beratung \u2013 sehen Sie sich unser Angebot an<\/title>\n<meta name=\"description\" content=\"Sie m\u00f6chten sich \u00fcber ein auf Ihr Unternehmen zugeschnittenes Implementierungsangebot informieren? Vereinbaren Sie eine kostenlose Power BI-Beratung und erfahren Sie mehr!\" \/>\n<meta name=\"robots\" content=\"index, follow, max-snippet:-1, max-image-preview:large, max-video-preview:-1\" \/>\n<link rel=\"canonical\" href=\"https:\/\/powerbi.pl\/de\/vereinbaren-sie-einen-kostenlosen-termin\" \/>\n<meta property=\"og:locale\" content=\"de_DE\" \/>\n<meta property=\"og:type\" content=\"article\" \/>\n<meta property=\"og:title\" content=\"Vereinbaren Sie eine kostenlose Power BI-Beratung \u2013 sehen Sie sich unser Angebot an\" \/>\n<meta property=\"og:description\" content=\"Sie m\u00f6chten sich \u00fcber ein auf Ihr Unternehmen zugeschnittenes Implementierungsangebot informieren? Vereinbaren Sie eine kostenlose Power BI-Beratung und erfahren Sie mehr!\" \/>\n<meta property=\"og:url\" content=\"https:\/\/powerbi.pl\/de\/vereinbaren-sie-einen-kostenlosen-termin\" \/>\n<meta property=\"og:site_name\" content=\"EBIS - Microsoft Power BI Partner\" \/>\n<meta property=\"article:modified_time\" content=\"2025-06-12T08:37:21+00:00\" \/>\n<meta property=\"og:image\" content=\"https:\/\/powerbi.pl\/wp-content\/uploads\/2024\/03\/EBIS-RGB-znak_500px-3.webp\" \/>\n\t<meta property=\"og:image:width\" content=\"500\" \/>\n\t<meta property=\"og:image:height\" content=\"186\" \/>\n\t<meta property=\"og:image:type\" content=\"image\/webp\" \/>\n<meta name=\"twitter:card\" content=\"summary_large_image\" \/>\n<meta name=\"twitter:label1\" content=\"Gesch\u00e4tzte Lesezeit\" \/>\n\t<meta name=\"twitter:data1\" content=\"1\u00a0Minute\" \/>\n<script type=\"application\/ld+json\" class=\"yoast-schema-graph\">{\"@context\":\"https:\\\/\\\/schema.org\",\"@graph\":[{\"@type\":\"WebPage\",\"@id\":\"https:\\\/\\\/powerbi.pl\\\/de\\\/vereinbaren-sie-einen-kostenlosen-termin\",\"url\":\"https:\\\/\\\/powerbi.pl\\\/de\\\/vereinbaren-sie-einen-kostenlosen-termin\",\"name\":\"Vereinbaren Sie eine kostenlose Power BI-Beratung \u2013 sehen Sie sich unser Angebot an\",\"isPartOf\":{\"@id\":\"https:\\\/\\\/powerbi.pl\\\/de#website\"},\"datePublished\":\"2024-04-17T22:01:28+00:00\",\"dateModified\":\"2025-06-12T08:37:21+00:00\",\"description\":\"Sie m\u00f6chten sich \u00fcber ein auf Ihr Unternehmen zugeschnittenes Implementierungsangebot informieren? Vereinbaren Sie eine kostenlose Power BI-Beratung und erfahren Sie mehr!\",\"breadcrumb\":{\"@id\":\"https:\\\/\\\/powerbi.pl\\\/de\\\/vereinbaren-sie-einen-kostenlosen-termin#breadcrumb\"},\"inLanguage\":\"de\",\"potentialAction\":[{\"@type\":\"ReadAction\",\"target\":[\"https:\\\/\\\/powerbi.pl\\\/de\\\/vereinbaren-sie-einen-kostenlosen-termin\"]}]},{\"@type\":\"BreadcrumbList\",\"@id\":\"https:\\\/\\\/powerbi.pl\\\/de\\\/vereinbaren-sie-einen-kostenlosen-termin#breadcrumb\",\"itemListElement\":[{\"@type\":\"ListItem\",\"position\":1,\"name\":\"Strona g\u0142\u00f3wna\",\"item\":\"https:\\\/\\\/powerbi.pl\\\/de\\\/hauptseite\"},{\"@type\":\"ListItem\",\"position\":2,\"name\":\"Vereinbaren Sie ein kostenloses Beratungsgespr\u00e4ch\"}]},{\"@type\":\"WebSite\",\"@id\":\"https:\\\/\\\/powerbi.pl\\\/de#website\",\"url\":\"https:\\\/\\\/powerbi.pl\\\/de\",\"name\":\"EBIS - Microsoft Power BI Partner\",\"description\":\"us\u0142ugi analityczne\",\"publisher\":{\"@id\":\"https:\\\/\\\/powerbi.pl\\\/de#organization\"},\"alternateName\":\"Microsoft Power BI\",\"potentialAction\":[{\"@type\":\"SearchAction\",\"target\":{\"@type\":\"EntryPoint\",\"urlTemplate\":\"https:\\\/\\\/powerbi.pl\\\/de?s={search_term_string}\"},\"query-input\":{\"@type\":\"PropertyValueSpecification\",\"valueRequired\":true,\"valueName\":\"search_term_string\"}}],\"inLanguage\":\"de\"},{\"@type\":\"Organization\",\"@id\":\"https:\\\/\\\/powerbi.pl\\\/de#organization\",\"name\":\"EBIS\",\"alternateName\":\"EBIS\",\"url\":\"https:\\\/\\\/powerbi.pl\\\/de\",\"logo\":{\"@type\":\"ImageObject\",\"inLanguage\":\"de\",\"@id\":\"https:\\\/\\\/powerbi.pl\\\/de#\\\/schema\\\/logo\\\/image\\\/\",\"url\":\"https:\\\/\\\/powerbi.pl\\\/wp-content\\\/uploads\\\/2025\\\/12\\\/favicon-ebis.png\",\"contentUrl\":\"https:\\\/\\\/powerbi.pl\\\/wp-content\\\/uploads\\\/2025\\\/12\\\/favicon-ebis.png\",\"width\":512,\"height\":512,\"caption\":\"EBIS\"},\"image\":{\"@id\":\"https:\\\/\\\/powerbi.pl\\\/de#\\\/schema\\\/logo\\\/image\\\/\"},\"sameAs\":[\"https:\\\/\\\/www.linkedin.com\\\/company\\\/ebis-business-intelligence\\\/\"]}]}<\/script>\n<!-- \/ Yoast SEO plugin. -->","yoast_head_json":{"title":"Vereinbaren Sie eine kostenlose Power BI-Beratung \u2013 sehen Sie sich unser Angebot an","description":"Sie m\u00f6chten sich \u00fcber ein auf Ihr Unternehmen zugeschnittenes Implementierungsangebot informieren? Vereinbaren Sie eine kostenlose Power BI-Beratung und erfahren Sie mehr!","robots":{"index":"index","follow":"follow","max-snippet":"max-snippet:-1","max-image-preview":"max-image-preview:large","max-video-preview":"max-video-preview:-1"},"canonical":"https:\/\/powerbi.pl\/de\/vereinbaren-sie-einen-kostenlosen-termin","og_locale":"de_DE","og_type":"article","og_title":"Vereinbaren Sie eine kostenlose Power BI-Beratung \u2013 sehen Sie sich unser Angebot an","og_description":"Sie m\u00f6chten sich \u00fcber ein auf Ihr Unternehmen zugeschnittenes Implementierungsangebot informieren? Vereinbaren Sie eine kostenlose Power BI-Beratung und erfahren Sie mehr!","og_url":"https:\/\/powerbi.pl\/de\/vereinbaren-sie-einen-kostenlosen-termin","og_site_name":"EBIS - Microsoft Power BI Partner","article_modified_time":"2025-06-12T08:37:21+00:00","og_image":[{"width":500,"height":186,"url":"https:\/\/powerbi.pl\/wp-content\/uploads\/2024\/03\/EBIS-RGB-znak_500px-3.webp","type":"image\/webp"}],"twitter_card":"summary_large_image","twitter_misc":{"Gesch\u00e4tzte Lesezeit":"1\u00a0Minute"},"schema":{"@context":"https:\/\/schema.org","@graph":[{"@type":"WebPage","@id":"https:\/\/powerbi.pl\/de\/vereinbaren-sie-einen-kostenlosen-termin","url":"https:\/\/powerbi.pl\/de\/vereinbaren-sie-einen-kostenlosen-termin","name":"Vereinbaren Sie eine kostenlose Power BI-Beratung \u2013 sehen Sie sich unser Angebot an","isPartOf":{"@id":"https:\/\/powerbi.pl\/de#website"},"datePublished":"2024-04-17T22:01:28+00:00","dateModified":"2025-06-12T08:37:21+00:00","description":"Sie m\u00f6chten sich \u00fcber ein auf Ihr Unternehmen zugeschnittenes Implementierungsangebot informieren? Vereinbaren Sie eine kostenlose Power BI-Beratung und erfahren Sie mehr!","breadcrumb":{"@id":"https:\/\/powerbi.pl\/de\/vereinbaren-sie-einen-kostenlosen-termin#breadcrumb"},"inLanguage":"de","potentialAction":[{"@type":"ReadAction","target":["https:\/\/powerbi.pl\/de\/vereinbaren-sie-einen-kostenlosen-termin"]}]},{"@type":"BreadcrumbList","@id":"https:\/\/powerbi.pl\/de\/vereinbaren-sie-einen-kostenlosen-termin#breadcrumb","itemListElement":[{"@type":"ListItem","position":1,"name":"Strona g\u0142\u00f3wna","item":"https:\/\/powerbi.pl\/de\/hauptseite"},{"@type":"ListItem","position":2,"name":"Vereinbaren Sie ein kostenloses Beratungsgespr\u00e4ch"}]},{"@type":"WebSite","@id":"https:\/\/powerbi.pl\/de#website","url":"https:\/\/powerbi.pl\/de","name":"EBIS - Microsoft Power BI Partner","description":"us\u0142ugi analityczne","publisher":{"@id":"https:\/\/powerbi.pl\/de#organization"},"alternateName":"Microsoft Power BI","potentialAction":[{"@type":"SearchAction","target":{"@type":"EntryPoint","urlTemplate":"https:\/\/powerbi.pl\/de?s={search_term_string}"},"query-input":{"@type":"PropertyValueSpecification","valueRequired":true,"valueName":"search_term_string"}}],"inLanguage":"de"},{"@type":"Organization","@id":"https:\/\/powerbi.pl\/de#organization","name":"EBIS","alternateName":"EBIS","url":"https:\/\/powerbi.pl\/de","logo":{"@type":"ImageObject","inLanguage":"de","@id":"https:\/\/powerbi.pl\/de#\/schema\/logo\/image\/","url":"https:\/\/powerbi.pl\/wp-content\/uploads\/2025\/12\/favicon-ebis.png","contentUrl":"https:\/\/powerbi.pl\/wp-content\/uploads\/2025\/12\/favicon-ebis.png","width":512,"height":512,"caption":"EBIS"},"image":{"@id":"https:\/\/powerbi.pl\/de#\/schema\/logo\/image\/"},"sameAs":["https:\/\/www.linkedin.com\/company\/ebis-business-intelligence\/"]}]}},"_links":{"self":[{"href":"https:\/\/powerbi.pl\/de\/wp-json\/wp\/v2\/pages\/3200","targetHints":{"allow":["GET"]}}],"collection":[{"href":"https:\/\/powerbi.pl\/de\/wp-json\/wp\/v2\/pages"}],"about":[{"href":"https:\/\/powerbi.pl\/de\/wp-json\/wp\/v2\/types\/page"}],"author":[{"embeddable":true,"href":"https:\/\/powerbi.pl\/de\/wp-json\/wp\/v2\/users\/1"}],"replies":[{"embeddable":true,"href":"https:\/\/powerbi.pl\/de\/wp-json\/wp\/v2\/comments?post=3200"}],"version-history":[{"count":5,"href":"https:\/\/powerbi.pl\/de\/wp-json\/wp\/v2\/pages\/3200\/revisions"}],"predecessor-version":[{"id":9022,"href":"https:\/\/powerbi.pl\/de\/wp-json\/wp\/v2\/pages\/3200\/revisions\/9022"}],"wp:attachment":[{"href":"https:\/\/powerbi.pl\/de\/wp-json\/wp\/v2\/media?parent=3200"}],"curies":[{"name":"wp","href":"https:\/\/api.w.org\/{rel}","templated":true}]}}