{"id":3142,"date":"2024-03-24T22:27:33","date_gmt":"2024-03-24T21:27:33","guid":{"rendered":"https:\/\/mspowerbi.pl\/bereiche-wdrozen\/"},"modified":"2026-03-17T09:43:14","modified_gmt":"2026-03-17T08:43:14","slug":"bereich-der-verwendung","status":"publish","type":"page","link":"https:\/\/powerbi.pl\/de\/bereich-der-verwendung","title":{"rendered":"Bereiche der Umsetzung"},"content":{"rendered":"\t\t<div data-elementor-type=\"wp-page\" data-elementor-id=\"3142\" class=\"elementor elementor-3142 elementor-664\" data-elementor-post-type=\"page\">\n\t\t\t\t<div class=\"elementor-element elementor-element-5117b82 e-flex e-con-boxed e-con e-parent\" data-id=\"5117b82\" data-element_type=\"container\" data-e-type=\"container\">\n\t\t\t\t\t<div class=\"e-con-inner\">\n\t\t\t\t<div class=\"elementor-element elementor-element-63b4ebf elementor-widget elementor-widget-heading\" data-id=\"63b4ebf\" data-element_type=\"widget\" data-e-type=\"widget\" data-widget_type=\"heading.default\">\n\t\t\t\t<div class=\"elementor-widget-container\">\n\t\t\t\t\t<h2 class=\"elementor-heading-title elementor-size-default\">In welchen Abteilungen des Unternehmens kann Power BI eingesetzt werden?<\/h2>\t\t\t\t<\/div>\n\t\t\t\t<\/div>\n\t\t\t\t\t<\/div>\n\t\t\t\t<\/div>\n\t\t<div class=\"elementor-element elementor-element-88f5fba e-flex e-con-boxed e-con e-parent\" data-id=\"88f5fba\" data-element_type=\"container\" data-e-type=\"container\">\n\t\t\t\t\t<div class=\"e-con-inner\">\n\t\t<div class=\"elementor-element elementor-element-b1037f3 e-con-full e-flex e-con e-child\" data-id=\"b1037f3\" data-element_type=\"container\" data-e-type=\"container\">\n\t\t\t\t<div class=\"elementor-element elementor-element-77ce52d elementor-position-top elementor-widget elementor-widget-image-box\" data-id=\"77ce52d\" data-element_type=\"widget\" data-e-type=\"widget\" data-widget_type=\"image-box.default\">\n\t\t\t\t<div class=\"elementor-widget-container\">\n\t\t\t\t\t<div class=\"elementor-image-box-wrapper\"><figure class=\"elementor-image-box-img\"><img fetchpriority=\"high\" decoding=\"async\" width=\"573\" height=\"347\" src=\"https:\/\/powerbi.pl\/wp-content\/uploads\/2026\/01\/analiza-sprzedazy-w-power-bi.png\" class=\"attachment-full size-full wp-image-10654\" alt=\"analiza sprzedazy w power bi.\" srcset=\"https:\/\/powerbi.pl\/wp-content\/uploads\/2026\/01\/analiza-sprzedazy-w-power-bi.png 573w, https:\/\/powerbi.pl\/wp-content\/uploads\/2026\/01\/analiza-sprzedazy-w-power-bi-300x182.png 300w\" sizes=\"(max-width: 573px) 100vw, 573px\" \/><\/figure><div class=\"elementor-image-box-content\"><h3 class=\"elementor-image-box-title\">Power BI im Vertrieb<\/h3><p class=\"elementor-image-box-description\">Die Implementierung von Power BI in der Vertriebsabteilung erm\u00f6glicht eine pr\u00e4zise Datenanalyse, wodurch Gesch\u00e4ftsentscheidungen schneller getroffen und die Vertriebsstrategie optimiert werden k\u00f6nnen.<br><div class=\"more-btn\"><a href=\"https:\/\/powerbi.pl\/de\/bereich-der-verwendung\/power-bi-im-vertrieb\">Weitere Informationen<\/a><\/div><\/p><\/div><\/div>\t\t\t\t<\/div>\n\t\t\t\t<\/div>\n\t\t\t\t<\/div>\n\t\t<div class=\"elementor-element elementor-element-5794c8f e-con-full e-flex e-con e-child\" data-id=\"5794c8f\" data-element_type=\"container\" data-e-type=\"container\">\n\t\t\t\t<div class=\"elementor-element elementor-element-0832231 elementor-position-top elementor-widget elementor-widget-image-box\" data-id=\"0832231\" data-element_type=\"widget\" data-e-type=\"widget\" data-widget_type=\"image-box.default\">\n\t\t\t\t<div class=\"elementor-widget-container\">\n\t\t\t\t\t<div class=\"elementor-image-box-wrapper\"><figure class=\"elementor-image-box-img\"><img decoding=\"async\" width=\"573\" height=\"347\" src=\"https:\/\/powerbi.pl\/wp-content\/uploads\/2026\/01\/analiza-danych-finansowych-w-power-bi.png\" class=\"attachment-full size-full wp-image-10657\" alt=\"analiza danych finansowych w power bi.\" srcset=\"https:\/\/powerbi.pl\/wp-content\/uploads\/2026\/01\/analiza-danych-finansowych-w-power-bi.png 573w, https:\/\/powerbi.pl\/wp-content\/uploads\/2026\/01\/analiza-danych-finansowych-w-power-bi-300x182.png 300w\" sizes=\"(max-width: 573px) 100vw, 573px\" \/><\/figure><div class=\"elementor-image-box-content\"><h3 class=\"elementor-image-box-title\">Power BI im Finanzwesen<\/h3><p class=\"elementor-image-box-description\">Der Einsatz von Power BI im Finanzbereich erm\u00f6glicht eine genaue Datenanalyse, was entscheidend f\u00fcr den Erfolg ist und das Gesch\u00e4ftswachstum beschleunigt.<br><div class=\"more-btn\"><a href=\"https:\/\/powerbi.pl\/de\/bereich-der-verwendung\/power-bi-im-finanzwesen\">Weitere Informationen<\/a><\/div><\/p><\/div><\/div>\t\t\t\t<\/div>\n\t\t\t\t<\/div>\n\t\t\t\t<\/div>\n\t\t<div class=\"elementor-element elementor-element-6a1f942 e-con-full e-flex e-con e-child\" data-id=\"6a1f942\" data-element_type=\"container\" data-e-type=\"container\">\n\t\t\t\t<div class=\"elementor-element elementor-element-e071e83 elementor-position-top elementor-widget elementor-widget-image-box\" data-id=\"e071e83\" data-element_type=\"widget\" data-e-type=\"widget\" data-widget_type=\"image-box.default\">\n\t\t\t\t<div class=\"elementor-widget-container\">\n\t\t\t\t\t<div class=\"elementor-image-box-wrapper\"><figure class=\"elementor-image-box-img\"><img decoding=\"async\" width=\"573\" height=\"347\" src=\"https:\/\/powerbi.pl\/wp-content\/uploads\/2026\/01\/analiza-danych-produkcyjnych-w-power-bi.png\" class=\"attachment-full size-full wp-image-10660\" alt=\"analiza danych produkcyjnych w power bi.\" srcset=\"https:\/\/powerbi.pl\/wp-content\/uploads\/2026\/01\/analiza-danych-produkcyjnych-w-power-bi.png 573w, https:\/\/powerbi.pl\/wp-content\/uploads\/2026\/01\/analiza-danych-produkcyjnych-w-power-bi-300x182.png 300w\" sizes=\"(max-width: 573px) 100vw, 573px\" \/><\/figure><div class=\"elementor-image-box-content\"><h3 class=\"elementor-image-box-title\">Power BI in der Produktion<\/h3><p class=\"elementor-image-box-description\">Die Implementierung von Power BI in Produktionsunternehmen erm\u00f6glicht eine effektive \u00dcberwachung der Produktionsprozesse, die Optimierung der Effizienz und eine schnelle, datengest\u00fctzte Entscheidungsfindung.<br><div class=\"more-btn\"><a href=\"power-bi-in-der-Produktion\">Weitere Informationen<\/a><\/div><\/p><\/div><\/div>\t\t\t\t<\/div>\n\t\t\t\t<\/div>\n\t\t\t\t<\/div>\n\t\t<div class=\"elementor-element elementor-element-6826941 e-con-full e-flex e-con e-child\" data-id=\"6826941\" data-element_type=\"container\" data-e-type=\"container\">\n\t\t\t\t<div class=\"elementor-element elementor-element-769b0d0 elementor-position-top elementor-widget elementor-widget-image-box\" data-id=\"769b0d0\" data-element_type=\"widget\" data-e-type=\"widget\" data-widget_type=\"image-box.default\">\n\t\t\t\t<div class=\"elementor-widget-container\">\n\t\t\t\t\t<div class=\"elementor-image-box-wrapper\"><figure class=\"elementor-image-box-img\"><img loading=\"lazy\" decoding=\"async\" width=\"573\" height=\"347\" src=\"https:\/\/powerbi.pl\/wp-content\/uploads\/2026\/01\/Projekt-bez-nazwy-59.png\" class=\"attachment-full size-full wp-image-10663\" alt=\"analiza danych logistycznych w power bi.\" srcset=\"https:\/\/powerbi.pl\/wp-content\/uploads\/2026\/01\/Projekt-bez-nazwy-59.png 573w, https:\/\/powerbi.pl\/wp-content\/uploads\/2026\/01\/Projekt-bez-nazwy-59-300x182.png 300w\" sizes=\"(max-width: 573px) 100vw, 573px\" \/><\/figure><div class=\"elementor-image-box-content\"><h3 class=\"elementor-image-box-title\">Power BI in der Logistik<\/h3><p class=\"elementor-image-box-description\">Der Einsatz von Power BI in der Logistik erm\u00f6glicht die Analyse von Daten zum Warenfluss, die Optimierung von Routen und Lagern, die \u00dcberwachung von Lagerbest\u00e4nden und die Prognose der Nachfrage, was zu einem besseren Lieferkettenmanagement f\u00fchrt.<br><div class=\"more-btn\"><a href=\"Power-BI-in-der-Logistik\">Weitere Informationen<\/a><\/div><\/p><\/div><\/div>\t\t\t\t<\/div>\n\t\t\t\t<\/div>\n\t\t\t\t<\/div>\n\t\t<div class=\"elementor-element elementor-element-381ed80 e-con-full e-flex e-con e-child\" data-id=\"381ed80\" data-element_type=\"container\" data-e-type=\"container\">\n\t\t\t\t<div class=\"elementor-element elementor-element-165d154 elementor-position-top elementor-widget elementor-widget-image-box\" data-id=\"165d154\" data-element_type=\"widget\" data-e-type=\"widget\" data-widget_type=\"image-box.default\">\n\t\t\t\t<div class=\"elementor-widget-container\">\n\t\t\t\t\t<div class=\"elementor-image-box-wrapper\"><figure class=\"elementor-image-box-img\"><img loading=\"lazy\" decoding=\"async\" width=\"573\" height=\"347\" src=\"https:\/\/powerbi.pl\/wp-content\/uploads\/2026\/01\/analiza-danych-hr-w-power-bi.png\" class=\"attachment-full size-full wp-image-10666\" alt=\"analiza danych hr w power bi.\" srcset=\"https:\/\/powerbi.pl\/wp-content\/uploads\/2026\/01\/analiza-danych-hr-w-power-bi.png 573w, https:\/\/powerbi.pl\/wp-content\/uploads\/2026\/01\/analiza-danych-hr-w-power-bi-300x182.png 300w\" sizes=\"(max-width: 573px) 100vw, 573px\" \/><\/figure><div class=\"elementor-image-box-content\"><h3 class=\"elementor-image-box-title\">Power BI im Personalwesen<\/h3><p class=\"elementor-image-box-description\">Die Implementierung von Power BI in der Personalabteilung erm\u00f6glicht eine effektive Analyse von Daten zu Besch\u00e4ftigung, Mitarbeiterbewertungen, Fehlzeiten und Schulungen und erm\u00f6glicht so ein besseres Personalmanagement sowie die Identifizierung von Trends bei der Personalbeschaffung und -bindung.<br><div class=\"more-btn\"><a href=\"Power-BI-mit-HR\">Weitere Informationen<\/a><\/div><\/p><\/div><\/div>\t\t\t\t<\/div>\n\t\t\t\t<\/div>\n\t\t\t\t<\/div>\n\t\t<div class=\"elementor-element elementor-element-3dfd7c1 e-con-full e-flex e-con e-child\" data-id=\"3dfd7c1\" data-element_type=\"container\" data-e-type=\"container\">\n\t\t\t\t<div class=\"elementor-element elementor-element-b6a9974 elementor-position-top elementor-widget elementor-widget-image-box\" data-id=\"b6a9974\" data-element_type=\"widget\" data-e-type=\"widget\" data-widget_type=\"image-box.default\">\n\t\t\t\t<div class=\"elementor-widget-container\">\n\t\t\t\t\t<div class=\"elementor-image-box-wrapper\"><figure class=\"elementor-image-box-img\"><img loading=\"lazy\" decoding=\"async\" width=\"573\" height=\"347\" src=\"https:\/\/powerbi.pl\/wp-content\/uploads\/2026\/01\/analiza-danych-marketingowych-w-power-bi.png\" class=\"attachment-full size-full wp-image-10669\" alt=\"analiza danych marketingowych w power bi.\" srcset=\"https:\/\/powerbi.pl\/wp-content\/uploads\/2026\/01\/analiza-danych-marketingowych-w-power-bi.png 573w, https:\/\/powerbi.pl\/wp-content\/uploads\/2026\/01\/analiza-danych-marketingowych-w-power-bi-300x182.png 300w\" sizes=\"(max-width: 573px) 100vw, 573px\" \/><\/figure><div class=\"elementor-image-box-content\"><h3 class=\"elementor-image-box-title\">Power BI im Marketing<\/h3><p class=\"elementor-image-box-description\">Power BI in Marketingabteilungen verbessert die Analyse von Daten zu Werbekampagnen, Kundenverhalten und Marketingeffizienz, wodurch Marketingstrategien besser an die Bed\u00fcrfnisse der Kunden angepasst, die rentabelsten Werbekan\u00e4le identifiziert und der ROI gesteigert werden k\u00f6nnen.<br><div class=\"more-btn\"><a href=\"Power-BI-im-Marketing\">Weitere Informationen<\/a><\/div><\/p><\/div><\/div>\t\t\t\t<\/div>\n\t\t\t\t<\/div>\n\t\t\t\t<\/div>\n\t\t\t\t\t<\/div>\n\t\t\t\t<\/div>\n\t\t\t\t<\/div>\n\t\t","protected":false},"excerpt":{"rendered":"<p>In welchen Abteilungen des Unternehmens kann Power BI eingesetzt werden? Power BI im Vertrieb Die Implementierung von Power BI in der Vertriebsabteilung erm\u00f6glicht eine pr\u00e4zise Datenanalyse, wodurch Gesch\u00e4ftsentscheidungen schneller getroffen und die Vertriebsstrategie optimiert werden k\u00f6nnen.Weitere Informationen Power BI im Finanzwesen Der Einsatz von Power BI im Finanzbereich erm\u00f6glicht eine genaue Datenanalyse, was entscheidend f\u00fcr [&hellip;]<\/p>\n","protected":false},"author":1,"featured_media":0,"parent":0,"menu_order":0,"comment_status":"closed","ping_status":"closed","template":"","meta":{"inline_featured_image":false,"footnotes":""},"class_list":["post-3142","page","type-page","status-publish","hentry"],"yoast_head":"<!-- This site is optimized with the Yoast SEO plugin v27.0 - https:\/\/yoast.com\/product\/yoast-seo-wordpress\/ -->\n<title>Power BI-Implementierungsbereiche \u2013 Vertrieb, Finanzen, Personalwesen und andere<\/title>\n<meta name=\"description\" content=\"Entdecken Sie die Anwendungsbereiche von Power BI: Vertrieb, Finanzen, Personalwesen, Logistik, Marketing, Produktion. Optimieren Sie datengest\u00fctzte Entscheidungen im gesamten Unternehmen!\" \/>\n<meta name=\"robots\" content=\"index, follow, max-snippet:-1, max-image-preview:large, max-video-preview:-1\" \/>\n<link rel=\"canonical\" href=\"https:\/\/powerbi.pl\/de\/bereich-der-verwendung\" \/>\n<meta property=\"og:locale\" content=\"de_DE\" \/>\n<meta property=\"og:type\" content=\"article\" \/>\n<meta property=\"og:title\" content=\"Power BI-Implementierungsbereiche \u2013 Vertrieb, Finanzen, Personalwesen und andere\" \/>\n<meta property=\"og:description\" content=\"Entdecken Sie die Anwendungsbereiche von Power BI: Vertrieb, Finanzen, Personalwesen, Logistik, Marketing, Produktion. Optimieren Sie datengest\u00fctzte Entscheidungen im gesamten Unternehmen!\" \/>\n<meta property=\"og:url\" content=\"https:\/\/powerbi.pl\/de\/bereich-der-verwendung\" \/>\n<meta property=\"og:site_name\" content=\"EBIS - Microsoft Power BI Partner\" \/>\n<meta property=\"article:modified_time\" content=\"2026-03-17T08:43:14+00:00\" \/>\n<meta property=\"og:image\" content=\"https:\/\/powerbi.pl\/wp-content\/uploads\/2026\/01\/analiza-sprzedazy-w-power-bi.png\" \/>\n\t<meta property=\"og:image:width\" content=\"573\" \/>\n\t<meta property=\"og:image:height\" content=\"347\" \/>\n\t<meta property=\"og:image:type\" content=\"image\/png\" \/>\n<meta name=\"twitter:card\" content=\"summary_large_image\" \/>\n<meta name=\"twitter:label1\" content=\"Gesch\u00e4tzte Lesezeit\" \/>\n\t<meta name=\"twitter:data1\" content=\"3\u00a0Minuten\" \/>\n<script type=\"application\/ld+json\" class=\"yoast-schema-graph\">{\"@context\":\"https:\/\/schema.org\",\"@graph\":[{\"@type\":\"WebPage\",\"@id\":\"https:\/\/powerbi.pl\/de\/bereich-der-verwendung\",\"url\":\"https:\/\/powerbi.pl\/de\/bereich-der-verwendung\",\"name\":\"Power BI-Implementierungsbereiche \u2013 Vertrieb, Finanzen, Personalwesen und andere\",\"isPartOf\":{\"@id\":\"https:\/\/powerbi.pl\/de#website\"},\"primaryImageOfPage\":{\"@id\":\"https:\/\/powerbi.pl\/de\/bereich-der-verwendung#primaryimage\"},\"image\":{\"@id\":\"https:\/\/powerbi.pl\/de\/bereich-der-verwendung#primaryimage\"},\"thumbnailUrl\":\"https:\/\/powerbi.pl\/wp-content\/uploads\/2026\/01\/analiza-sprzedazy-w-power-bi.png\",\"datePublished\":\"2024-03-24T21:27:33+00:00\",\"dateModified\":\"2026-03-17T08:43:14+00:00\",\"description\":\"Entdecken Sie die Anwendungsbereiche von Power BI: Vertrieb, Finanzen, Personalwesen, Logistik, Marketing, Produktion. Optimieren Sie datengest\u00fctzte Entscheidungen im gesamten Unternehmen!\",\"breadcrumb\":{\"@id\":\"https:\/\/powerbi.pl\/de\/bereich-der-verwendung#breadcrumb\"},\"inLanguage\":\"de\",\"potentialAction\":[{\"@type\":\"ReadAction\",\"target\":[\"https:\/\/powerbi.pl\/de\/bereich-der-verwendung\"]}]},{\"@type\":\"ImageObject\",\"inLanguage\":\"de\",\"@id\":\"https:\/\/powerbi.pl\/de\/bereich-der-verwendung#primaryimage\",\"url\":\"https:\/\/powerbi.pl\/wp-content\/uploads\/2026\/01\/analiza-sprzedazy-w-power-bi.png\",\"contentUrl\":\"https:\/\/powerbi.pl\/wp-content\/uploads\/2026\/01\/analiza-sprzedazy-w-power-bi.png\"},{\"@type\":\"BreadcrumbList\",\"@id\":\"https:\/\/powerbi.pl\/de\/bereich-der-verwendung#breadcrumb\",\"itemListElement\":[{\"@type\":\"ListItem\",\"position\":1,\"name\":\"Strona g\u0142\u00f3wna\",\"item\":\"https:\/\/powerbi.pl\/de\/hauptseite\"},{\"@type\":\"ListItem\",\"position\":2,\"name\":\"Bereiche der Umsetzung\"}]},{\"@type\":\"WebSite\",\"@id\":\"https:\/\/powerbi.pl\/de#website\",\"url\":\"https:\/\/powerbi.pl\/de\",\"name\":\"EBIS - Microsoft Power BI Partner\",\"description\":\"us\u0142ugi analityczne\",\"publisher\":{\"@id\":\"https:\/\/powerbi.pl\/de#organization\"},\"alternateName\":\"Microsoft Power BI\",\"potentialAction\":[{\"@type\":\"SearchAction\",\"target\":{\"@type\":\"EntryPoint\",\"urlTemplate\":\"https:\/\/powerbi.pl\/de?s={search_term_string}\"},\"query-input\":{\"@type\":\"PropertyValueSpecification\",\"valueRequired\":true,\"valueName\":\"search_term_string\"}}],\"inLanguage\":\"de\"},{\"@type\":\"Organization\",\"@id\":\"https:\/\/powerbi.pl\/de#organization\",\"name\":\"EBIS\",\"alternateName\":\"EBIS\",\"url\":\"https:\/\/powerbi.pl\/de\",\"logo\":{\"@type\":\"ImageObject\",\"inLanguage\":\"de\",\"@id\":\"https:\/\/powerbi.pl\/de#\/schema\/logo\/image\/\",\"url\":\"https:\/\/powerbi.pl\/wp-content\/uploads\/2025\/12\/favicon-ebis.png\",\"contentUrl\":\"https:\/\/powerbi.pl\/wp-content\/uploads\/2025\/12\/favicon-ebis.png\",\"width\":512,\"height\":512,\"caption\":\"EBIS\"},\"image\":{\"@id\":\"https:\/\/powerbi.pl\/de#\/schema\/logo\/image\/\"},\"sameAs\":[\"https:\/\/www.linkedin.com\/company\/ebis-business-intelligence\/\"]}]}<\/script>\n<!-- \/ Yoast SEO plugin. -->","yoast_head_json":{"title":"Power BI-Implementierungsbereiche \u2013 Vertrieb, Finanzen, Personalwesen und andere","description":"Entdecken Sie die Anwendungsbereiche von Power BI: Vertrieb, Finanzen, Personalwesen, Logistik, Marketing, Produktion. Optimieren Sie datengest\u00fctzte Entscheidungen im gesamten Unternehmen!","robots":{"index":"index","follow":"follow","max-snippet":"max-snippet:-1","max-image-preview":"max-image-preview:large","max-video-preview":"max-video-preview:-1"},"canonical":"https:\/\/powerbi.pl\/de\/bereich-der-verwendung","og_locale":"de_DE","og_type":"article","og_title":"Power BI-Implementierungsbereiche \u2013 Vertrieb, Finanzen, Personalwesen und andere","og_description":"Entdecken Sie die Anwendungsbereiche von Power BI: Vertrieb, Finanzen, Personalwesen, Logistik, Marketing, Produktion. Optimieren Sie datengest\u00fctzte Entscheidungen im gesamten Unternehmen!","og_url":"https:\/\/powerbi.pl\/de\/bereich-der-verwendung","og_site_name":"EBIS - Microsoft Power BI Partner","article_modified_time":"2026-03-17T08:43:14+00:00","og_image":[{"width":573,"height":347,"url":"https:\/\/powerbi.pl\/wp-content\/uploads\/2026\/01\/analiza-sprzedazy-w-power-bi.png","type":"image\/png"}],"twitter_card":"summary_large_image","twitter_misc":{"Gesch\u00e4tzte Lesezeit":"3\u00a0Minuten"},"schema":{"@context":"https:\/\/schema.org","@graph":[{"@type":"WebPage","@id":"https:\/\/powerbi.pl\/de\/bereich-der-verwendung","url":"https:\/\/powerbi.pl\/de\/bereich-der-verwendung","name":"Power BI-Implementierungsbereiche \u2013 Vertrieb, Finanzen, Personalwesen und andere","isPartOf":{"@id":"https:\/\/powerbi.pl\/de#website"},"primaryImageOfPage":{"@id":"https:\/\/powerbi.pl\/de\/bereich-der-verwendung#primaryimage"},"image":{"@id":"https:\/\/powerbi.pl\/de\/bereich-der-verwendung#primaryimage"},"thumbnailUrl":"https:\/\/powerbi.pl\/wp-content\/uploads\/2026\/01\/analiza-sprzedazy-w-power-bi.png","datePublished":"2024-03-24T21:27:33+00:00","dateModified":"2026-03-17T08:43:14+00:00","description":"Entdecken Sie die Anwendungsbereiche von Power BI: Vertrieb, Finanzen, Personalwesen, Logistik, Marketing, Produktion. Optimieren Sie datengest\u00fctzte Entscheidungen im gesamten Unternehmen!","breadcrumb":{"@id":"https:\/\/powerbi.pl\/de\/bereich-der-verwendung#breadcrumb"},"inLanguage":"de","potentialAction":[{"@type":"ReadAction","target":["https:\/\/powerbi.pl\/de\/bereich-der-verwendung"]}]},{"@type":"ImageObject","inLanguage":"de","@id":"https:\/\/powerbi.pl\/de\/bereich-der-verwendung#primaryimage","url":"https:\/\/powerbi.pl\/wp-content\/uploads\/2026\/01\/analiza-sprzedazy-w-power-bi.png","contentUrl":"https:\/\/powerbi.pl\/wp-content\/uploads\/2026\/01\/analiza-sprzedazy-w-power-bi.png"},{"@type":"BreadcrumbList","@id":"https:\/\/powerbi.pl\/de\/bereich-der-verwendung#breadcrumb","itemListElement":[{"@type":"ListItem","position":1,"name":"Strona g\u0142\u00f3wna","item":"https:\/\/powerbi.pl\/de\/hauptseite"},{"@type":"ListItem","position":2,"name":"Bereiche der Umsetzung"}]},{"@type":"WebSite","@id":"https:\/\/powerbi.pl\/de#website","url":"https:\/\/powerbi.pl\/de","name":"EBIS - Microsoft Power BI Partner","description":"us\u0142ugi analityczne","publisher":{"@id":"https:\/\/powerbi.pl\/de#organization"},"alternateName":"Microsoft Power BI","potentialAction":[{"@type":"SearchAction","target":{"@type":"EntryPoint","urlTemplate":"https:\/\/powerbi.pl\/de?s={search_term_string}"},"query-input":{"@type":"PropertyValueSpecification","valueRequired":true,"valueName":"search_term_string"}}],"inLanguage":"de"},{"@type":"Organization","@id":"https:\/\/powerbi.pl\/de#organization","name":"EBIS","alternateName":"EBIS","url":"https:\/\/powerbi.pl\/de","logo":{"@type":"ImageObject","inLanguage":"de","@id":"https:\/\/powerbi.pl\/de#\/schema\/logo\/image\/","url":"https:\/\/powerbi.pl\/wp-content\/uploads\/2025\/12\/favicon-ebis.png","contentUrl":"https:\/\/powerbi.pl\/wp-content\/uploads\/2025\/12\/favicon-ebis.png","width":512,"height":512,"caption":"EBIS"},"image":{"@id":"https:\/\/powerbi.pl\/de#\/schema\/logo\/image\/"},"sameAs":["https:\/\/www.linkedin.com\/company\/ebis-business-intelligence\/"]}]}},"_links":{"self":[{"href":"https:\/\/powerbi.pl\/de\/wp-json\/wp\/v2\/pages\/3142","targetHints":{"allow":["GET"]}}],"collection":[{"href":"https:\/\/powerbi.pl\/de\/wp-json\/wp\/v2\/pages"}],"about":[{"href":"https:\/\/powerbi.pl\/de\/wp-json\/wp\/v2\/types\/page"}],"author":[{"embeddable":true,"href":"https:\/\/powerbi.pl\/de\/wp-json\/wp\/v2\/users\/1"}],"replies":[{"embeddable":true,"href":"https:\/\/powerbi.pl\/de\/wp-json\/wp\/v2\/comments?post=3142"}],"version-history":[{"count":9,"href":"https:\/\/powerbi.pl\/de\/wp-json\/wp\/v2\/pages\/3142\/revisions"}],"predecessor-version":[{"id":11027,"href":"https:\/\/powerbi.pl\/de\/wp-json\/wp\/v2\/pages\/3142\/revisions\/11027"}],"wp:attachment":[{"href":"https:\/\/powerbi.pl\/de\/wp-json\/wp\/v2\/media?parent=3142"}],"curies":[{"name":"wp","href":"https:\/\/api.w.org\/{rel}","templated":true}]}}