{"id":3134,"date":"2024-04-04T14:00:27","date_gmt":"2024-04-04T12:00:27","guid":{"rendered":"https:\/\/mspowerbi.pl\/microsoft-power-bi\/visualisierung-der-daten\/"},"modified":"2025-12-29T12:35:56","modified_gmt":"2025-12-29T11:35:56","slug":"visualisierung-der-daten","status":"publish","type":"page","link":"https:\/\/powerbi.pl\/de\/microsoft-power-bi\/visualisierung-der-daten","title":{"rendered":"Moderne Visualisierung von Gesch\u00e4ftsdaten"},"content":{"rendered":"\t\t<div data-elementor-type=\"wp-page\" data-elementor-id=\"3134\" class=\"elementor elementor-3134 elementor-1541\" data-elementor-post-type=\"page\">\n\t\t\t\t<div class=\"elementor-element elementor-element-9e2ee96 e-flex e-con-boxed e-con e-parent\" data-id=\"9e2ee96\" data-element_type=\"container\" data-e-type=\"container\">\n\t\t\t\t\t<div class=\"e-con-inner\">\n\t\t\t\t<div class=\"elementor-element elementor-element-5c2cafd elementor-align-left elementor-widget elementor-widget-button\" data-id=\"5c2cafd\" data-element_type=\"widget\" data-e-type=\"widget\" data-widget_type=\"button.default\">\n\t\t\t\t<div class=\"elementor-widget-container\">\n\t\t\t\t\t\t\t\t\t<div class=\"elementor-button-wrapper\">\n\t\t\t\t\t<a class=\"elementor-button elementor-button-link elementor-size-sm\" href=\"https:\/\/powerbi.pl\/de\/microsoft-power-bi\">\n\t\t\t\t\t\t<span class=\"elementor-button-content-wrapper\">\n\t\t\t\t\t\t\t\t\t<span class=\"elementor-button-text\">Microsoft Power BI<\/span>\n\t\t\t\t\t<\/span>\n\t\t\t\t\t<\/a>\n\t\t\t\t<\/div>\n\t\t\t\t\t\t\t\t<\/div>\n\t\t\t\t<\/div>\n\t\t\t\t\t<\/div>\n\t\t\t\t<\/div>\n\t\t<div class=\"elementor-element elementor-element-6b08955 e-flex e-con-boxed e-con e-parent\" data-id=\"6b08955\" data-element_type=\"container\" data-e-type=\"container\">\n\t\t\t\t\t<div class=\"e-con-inner\">\n\t\t<div class=\"elementor-element elementor-element-c1b9dc7 e-con-full elementor-hidden-tablet elementor-hidden-mobile e-flex e-con e-child\" data-id=\"c1b9dc7\" data-element_type=\"container\" data-e-type=\"container\">\n\t\t\t\t<\/div>\n\t\t<div class=\"elementor-element elementor-element-c303bed e-con-full e-flex e-con e-child\" data-id=\"c303bed\" data-element_type=\"container\" data-e-type=\"container\">\n\t\t\t\t<div class=\"elementor-element elementor-element-06aa5fd elementor-widget elementor-widget-heading\" data-id=\"06aa5fd\" data-element_type=\"widget\" data-e-type=\"widget\" data-widget_type=\"heading.default\">\n\t\t\t\t<div class=\"elementor-widget-container\">\n\t\t\t\t\t<h2 class=\"elementor-heading-title elementor-size-default\">Datenvisualisierung\nin Power BI<\/h2>\t\t\t\t<\/div>\n\t\t\t\t<\/div>\n\t\t\t\t<div class=\"elementor-element elementor-element-42d9593 elementor-widget elementor-widget-text-editor\" data-id=\"42d9593\" data-element_type=\"widget\" data-e-type=\"widget\" data-widget_type=\"text-editor.default\">\n\t\t\t\t<div class=\"elementor-widget-container\">\n\t\t\t\t\t\t\t\t\t<p><strong>Power BI ist eine Analyseplattform von Microsoft<\/strong>, die eine erweiterte Datenvisualisierung und Informationsanalyse in einer verst\u00e4ndlichen, gesch\u00e4ftsorientierten Form erm\u00f6glicht. Dank interaktiver Berichte und dynamischer Diagramme ist es m\u00f6glich, komplexe Datens\u00e4tze schnell zu verstehen und fundierte Entscheidungen auf der Grundlage von Fakten zu treffen. <\/p>\t\t\t\t\t\t\t\t<\/div>\n\t\t\t\t<\/div>\n\t\t\t\t<div class=\"elementor-element elementor-element-75e5740 elementor-widget elementor-widget-heading\" data-id=\"75e5740\" data-element_type=\"widget\" data-e-type=\"widget\" data-widget_type=\"heading.default\">\n\t\t\t\t<div class=\"elementor-widget-container\">\n\t\t\t\t\t<h2 class=\"elementor-heading-title elementor-size-default\">Interaktive Berichte und Dashboards<\/h2>\t\t\t\t<\/div>\n\t\t\t\t<\/div>\n\t\t\t\t<div class=\"elementor-element elementor-element-71f36bc elementor-widget-divider--view-line elementor-widget elementor-widget-divider\" data-id=\"71f36bc\" data-element_type=\"widget\" data-e-type=\"widget\" data-widget_type=\"divider.default\">\n\t\t\t\t<div class=\"elementor-widget-container\">\n\t\t\t\t\t\t\t<div class=\"elementor-divider\">\n\t\t\t<span class=\"elementor-divider-separator\">\n\t\t\t\t\t\t<\/span>\n\t\t<\/div>\n\t\t\t\t\t\t<\/div>\n\t\t\t\t<\/div>\n\t\t\t\t<div class=\"elementor-element elementor-element-a37f45d elementor-widget elementor-widget-text-editor\" data-id=\"a37f45d\" data-element_type=\"widget\" data-e-type=\"widget\" data-widget_type=\"text-editor.default\">\n\t\t\t\t<div class=\"elementor-widget-container\">\n\t\t\t\t\t\t\t\t\t<p data-start=\"852\" data-end=\"1091\">F\u00fcr einen reibungslosen Gesch\u00e4ftsbetrieb und die Gesch\u00e4ftsentwicklung ist der schnelle Zugriff auf relevante Informationen von entscheidender Bedeutung. Mit Power BI k\u00f6nnen Sie Berichte und Dashboards mit Datenvisualisierungen in Form von Diagrammen und Grafiken erstellen, wie z. B.: <\/p><ul data-start=\"1093\" data-end=\"1207\"><li data-start=\"1093\" data-end=\"1132\"><p data-start=\"1095\" data-end=\"1132\">Liniendiagramme, S\u00e4ulendiagramme und Kreisdiagramme<\/p><\/li><li data-start=\"1133\" data-end=\"1170\"><p data-start=\"1135\" data-end=\"1170\">Karten und hierarchische Visualisierungen<\/p><\/li><li data-start=\"1171\" data-end=\"1207\"><p data-start=\"1173\" data-end=\"1207\">Tabellen, Matrizen und KPIs<\/p><\/li><\/ul><p data-start=\"1209\" data-end=\"1345\">Die in Power BI dargestellten Daten werden dynamisch aktualisiert, was einen aktuellen Einblick in die Situation des Unternehmens auf der Grundlage aktueller Datenquellen erm\u00f6glicht.<\/p><p data-start=\"1209\" data-end=\"1345\"> <\/p><p data-start=\"1347\" data-end=\"1620\">Dashboards erm\u00f6glichen die \u00dcberwachung wichtiger Kennzahlen, die schnelle Suche nach Antworten und die Ad-hoc-Analyse von Daten. Dank Filtern, Interaktionen und der M\u00f6glichkeit, ausgew\u00e4hlte Elemente hervorzuheben, kann sich der Benutzer auf die Informationen konzentrieren, die aus seiner Sicht am wichtigsten sind. <\/p><p data-start=\"1622\" data-end=\"1764\">Power BI bietet auch eine Frage-und-Antwort-Funktion in nat\u00fcrlicher Sprache \u2013 die gestellte Frage wird in Form einer \u00fcbersichtlichen Datenvisualisierung beantwortet.<\/p>\t\t\t\t\t\t\t\t<\/div>\n\t\t\t\t<\/div>\n\t\t\t\t<div class=\"elementor-element elementor-element-65b2fdf elementor-widget elementor-widget-image\" data-id=\"65b2fdf\" data-element_type=\"widget\" data-e-type=\"widget\" data-widget_type=\"image.default\">\n\t\t\t\t<div class=\"elementor-widget-container\">\n\t\t\t\t\t\t\t\t\t\t\t\t\t\t\t<img fetchpriority=\"high\" decoding=\"async\" width=\"640\" height=\"358\" src=\"https:\/\/powerbi.pl\/wp-content\/uploads\/2024\/04\/xpower-bi-wizualizacja-dancyh.png.pagespeed.ic_.ZKEDrGmt9W.webp\" class=\"attachment-large size-large wp-image-2254\" alt=\"\" srcset=\"https:\/\/powerbi.pl\/wp-content\/uploads\/2024\/04\/xpower-bi-wizualizacja-dancyh.png.pagespeed.ic_.ZKEDrGmt9W.webp 791w, https:\/\/powerbi.pl\/wp-content\/uploads\/2024\/04\/xpower-bi-wizualizacja-dancyh.png.pagespeed.ic_.ZKEDrGmt9W-300x168.webp 300w, https:\/\/powerbi.pl\/wp-content\/uploads\/2024\/04\/xpower-bi-wizualizacja-dancyh.png.pagespeed.ic_.ZKEDrGmt9W-768x429.webp 768w, https:\/\/powerbi.pl\/wp-content\/uploads\/2024\/04\/xpower-bi-wizualizacja-dancyh.png.pagespeed.ic_.ZKEDrGmt9W-600x335.webp 600w\" sizes=\"(max-width: 640px) 100vw, 640px\" \/>\t\t\t\t\t\t\t\t\t\t\t\t\t\t\t<\/div>\n\t\t\t\t<\/div>\n\t\t\t\t<div class=\"elementor-element elementor-element-4538948 elementor-widget elementor-widget-text-editor\" data-id=\"4538948\" data-element_type=\"widget\" data-e-type=\"widget\" data-widget_type=\"text-editor.default\">\n\t\t\t\t<div class=\"elementor-widget-container\">\n\t\t\t\t\t\t\t\t\t<p>Berichte und Dashboards werden intuitiv per Drag-and-Drop erstellt, und es steht Ihnen eine umfangreiche Bibliothek moderner und interaktiver Visualisierungen zur Verf\u00fcgung, die von Microsoft und seinen Partnern bereitgestellt werden. Sie k\u00f6nnen auch Ihre eigene Visualisierung mit Hilfe der Themen-, Formatierungs- und Layoutwerkzeuge erstellen.<\/p><p> <\/p><p>In Power BI erstellte Berichte und Analysen lassen sich problemlos ver\u00f6ffentlichen und mit Kollegen teilen.<\/p>\t\t\t\t\t\t\t\t<\/div>\n\t\t\t\t<\/div>\n\t\t\t\t<div class=\"elementor-element elementor-element-c3e6e76 elementor-widget elementor-widget-heading\" data-id=\"c3e6e76\" data-element_type=\"widget\" data-e-type=\"widget\" data-widget_type=\"heading.default\">\n\t\t\t\t<div class=\"elementor-widget-container\">\n\t\t\t\t\t<h2 class=\"elementor-heading-title elementor-size-default\">Zusammenarbeit durch Datenvisualisierung<\/h2>\t\t\t\t<\/div>\n\t\t\t\t<\/div>\n\t\t\t\t<div class=\"elementor-element elementor-element-7e4ad23 elementor-widget-divider--view-line elementor-widget elementor-widget-divider\" data-id=\"7e4ad23\" data-element_type=\"widget\" data-e-type=\"widget\" data-widget_type=\"divider.default\">\n\t\t\t\t<div class=\"elementor-widget-container\">\n\t\t\t\t\t\t\t<div class=\"elementor-divider\">\n\t\t\t<span class=\"elementor-divider-separator\">\n\t\t\t\t\t\t<\/span>\n\t\t<\/div>\n\t\t\t\t\t\t<\/div>\n\t\t\t\t<\/div>\n\t\t\t\t<div class=\"elementor-element elementor-element-90acad7 elementor-widget elementor-widget-text-editor\" data-id=\"90acad7\" data-element_type=\"widget\" data-e-type=\"widget\" data-widget_type=\"text-editor.default\">\n\t\t\t\t<div class=\"elementor-widget-container\">\n\t\t\t\t\t\t\t\t\t<p>Einer der gr\u00f6\u00dften Vorteile von Power BI ist die M\u00f6glichkeit, Berichte und Dashboards unternehmensweit einfach zu teilen. Berichte k\u00f6nnen im Power BI-Dienst ver\u00f6ffentlicht, in Microsoft Teams, SharePoint-Sites oder interne Anwendungen eingebettet werden. <\/p><p> <\/p><p> <\/p><p>Datenvisualisierung in Power BI wird zum Bestandteil der t\u00e4glichen Arbeit von Teams \u2013 unabh\u00e4ngig von Abteilung und Standort. Die Zusammenarbeit auf Basis einer gemeinsamen Datenquelle (Single Source of Truth) erm\u00f6glicht schnellere Entscheidungen und eliminiert Missverst\u00e4ndnisse. <\/p>\t\t\t\t\t\t\t\t<\/div>\n\t\t\t\t<\/div>\n\t\t\t\t<div class=\"elementor-element elementor-element-68c7223 elementor-widget elementor-widget-heading\" data-id=\"68c7223\" data-element_type=\"widget\" data-e-type=\"widget\" data-widget_type=\"heading.default\">\n\t\t\t\t<div class=\"elementor-widget-container\">\n\t\t\t\t\t<h2 class=\"elementor-heading-title elementor-size-default\">Welche Art von Visualisierungen k\u00f6nnen Sie erstellen?<\/h2>\t\t\t\t<\/div>\n\t\t\t\t<\/div>\n\t\t\t\t<div class=\"elementor-element elementor-element-705fc62 elementor-widget-divider--view-line elementor-widget elementor-widget-divider\" data-id=\"705fc62\" data-element_type=\"widget\" data-e-type=\"widget\" data-widget_type=\"divider.default\">\n\t\t\t\t<div class=\"elementor-widget-container\">\n\t\t\t\t\t\t\t<div class=\"elementor-divider\">\n\t\t\t<span class=\"elementor-divider-separator\">\n\t\t\t\t\t\t<\/span>\n\t\t<\/div>\n\t\t\t\t\t\t<\/div>\n\t\t\t\t<\/div>\n\t\t\t\t<div class=\"elementor-element elementor-element-74fbcbc elementor-widget elementor-widget-text-editor\" data-id=\"74fbcbc\" data-element_type=\"widget\" data-e-type=\"widget\" data-widget_type=\"text-editor.default\">\n\t\t\t\t<div class=\"elementor-widget-container\">\n\t\t\t\t\t\t\t\t\t<p class=\"MsoNormal\">Power BI bietet eine Bibliothek moderner Visualisierungen, mit denen Sie Daten verst\u00e4ndlich und ansprechend pr\u00e4sentieren k\u00f6nnen. Im Rahmen der <b>Datenvisualisierung in Power BI<\/b> k\u00f6nnen Sie unter anderem Folgendes erstellen: <\/p><ul style=\"margin-top: 0cm;\" type=\"disc\"><li class=\"MsoNormal\">Linien-, S\u00e4ulen- und Balkendiagramme<\/li><li class=\"MsoNormal\">Kreis- und Ringdiagramme<\/li><li class=\"MsoNormal\">W\u00e4rme- und geografische Karten<\/li><li class=\"MsoNormal\">Entscheidungsb\u00e4ume<\/li><li class=\"MsoNormal\">Wasserfall- und Bullet-Diagramme<\/li><li class=\"MsoNormal\">interaktive Tabellen und Matrizen<\/li><li class=\"MsoNormal\">benutzerdefinierte Visualisierungen, die vom Marktplatz heruntergeladen wurden<\/li><\/ul><p class=\"MsoNormal\">Jeder Visualisierungstyp kann stilisiert und an das Branding Ihres Unternehmens angepasst werden.<\/p>\t\t\t\t\t\t\t\t<\/div>\n\t\t\t\t<\/div>\n\t\t\t\t<div class=\"elementor-element elementor-element-bbc9e58 elementor-widget elementor-widget-heading\" data-id=\"bbc9e58\" data-element_type=\"widget\" data-e-type=\"widget\" data-widget_type=\"heading.default\">\n\t\t\t\t<div class=\"elementor-widget-container\">\n\t\t\t\t\t<h2 class=\"elementor-heading-title elementor-size-default\">Nutzen Sie die EBIS-Hilfe!<\/h2>\t\t\t\t<\/div>\n\t\t\t\t<\/div>\n\t\t\t\t<div class=\"elementor-element elementor-element-63de267 elementor-widget-divider--view-line elementor-widget elementor-widget-divider\" data-id=\"63de267\" data-element_type=\"widget\" data-e-type=\"widget\" data-widget_type=\"divider.default\">\n\t\t\t\t<div class=\"elementor-widget-container\">\n\t\t\t\t\t\t\t<div class=\"elementor-divider\">\n\t\t\t<span class=\"elementor-divider-separator\">\n\t\t\t\t\t\t<\/span>\n\t\t<\/div>\n\t\t\t\t\t\t<\/div>\n\t\t\t\t<\/div>\n\t\t\t\t<div class=\"elementor-element elementor-element-e68bc24 elementor-widget elementor-widget-text-editor\" data-id=\"e68bc24\" data-element_type=\"widget\" data-e-type=\"widget\" data-widget_type=\"text-editor.default\">\n\t\t\t\t<div class=\"elementor-widget-container\">\n\t\t\t\t\t\t\t\t\t<p class=\"MsoNormal\">EBIS ist ein Team von Experten, die sich auf Microsoft Power BI-Tools spezialisiert haben. Als Microsoft-Partner unterst\u00fctzen wir seit Jahren Unternehmen bei der erfolgreichen Implementierung von L\u00f6sungen zur Datenanalyse und -visualisierung. Mit unserer Hilfe:  <\/p><ul style=\"margin-top: 0cm;\" type=\"disc\"><li class=\"MsoNormal\">Sie erstellen klare Berichte und Dashboards, die auf Ihre Bed\u00fcrfnisse zugeschnitten sind<\/li><li class=\"MsoNormal\">Sie integrieren Daten aus vielen Quellen an einem Ort<\/li><li class=\"MsoNormal\">Sie schulen Ihr Team im Umgang mit Power BI<\/li><li class=\"MsoNormal\">Sie nutzen das volle Potenzial der Datenvisualisierung in Power BI<\/li><\/ul><p class=\"MsoNormal\">Ganz gleich, ob Sie gerade erst anfangen oder Ihre Analyseumgebung erweitern, wir helfen Ihnen dabei, gute, datenbasierte Entscheidungen zu treffen.<\/p>\t\t\t\t\t\t\t\t<\/div>\n\t\t\t\t<\/div>\n\t\t<div class=\"elementor-element elementor-element-50075f9 e-con-full e-flex e-con e-child\" data-id=\"50075f9\" data-element_type=\"container\" data-e-type=\"container\">\n\t\t\t\t<div class=\"elementor-element elementor-element-bee64ff elementor-widget elementor-widget-button\" data-id=\"bee64ff\" data-element_type=\"widget\" data-e-type=\"widget\" data-widget_type=\"button.default\">\n\t\t\t\t<div class=\"elementor-widget-container\">\n\t\t\t\t\t\t\t\t\t<div class=\"elementor-button-wrapper\">\n\t\t\t\t\t<a class=\"elementor-button elementor-button-link elementor-size-sm\" href=\"https:\/\/powerbi.pl\/de\/vereinbaren-sie-einen-kostenlosen-termin\">\n\t\t\t\t\t\t<span class=\"elementor-button-content-wrapper\">\n\t\t\t\t\t\t\t\t\t<span class=\"elementor-button-text\">Vereinbaren Sie ein kostenloses Beratungsgespr\u00e4ch<\/span>\n\t\t\t\t\t<\/span>\n\t\t\t\t\t<\/a>\n\t\t\t\t<\/div>\n\t\t\t\t\t\t\t\t<\/div>\n\t\t\t\t<\/div>\n\t\t\t\t<\/div>\n\t\t\t\t<\/div>\n\t\t\t\t\t<\/div>\n\t\t\t\t<\/div>\n\t\t\t\t<\/div>\n\t\t","protected":false},"excerpt":{"rendered":"<p>Microsoft Power BI Datenvisualisierung in Power BI Power BI ist eine Analyseplattform von Microsoft, die eine erweiterte Datenvisualisierung und Informationsanalyse in einer verst\u00e4ndlichen, gesch\u00e4ftsorientierten Form erm\u00f6glicht. Dank interaktiver Berichte und dynamischer Diagramme ist es m\u00f6glich, komplexe Datens\u00e4tze schnell zu verstehen und fundierte Entscheidungen auf der Grundlage von Fakten zu treffen. Interaktive Berichte und Dashboards F\u00fcr [&hellip;]<\/p>\n","protected":false},"author":1,"featured_media":0,"parent":3114,"menu_order":0,"comment_status":"closed","ping_status":"closed","template":"","meta":{"inline_featured_image":false,"footnotes":""},"class_list":["post-3134","page","type-page","status-publish","hentry"],"yoast_head":"<!-- This site is optimized with the Yoast SEO plugin v27.0 - https:\/\/yoast.com\/product\/yoast-seo-wordpress\/ -->\n<title>Visualisierung der Daten in Power BI \u2013 der Schl\u00fcssel zu effektiver Analytik<\/title>\n<meta name=\"description\" content=\"Die Datenvisualisierung in Power BI erm\u00f6glicht schnelles und intuitives Reporting. Erhalten Sie Einblick in Ihre Daten in Echtzeit und teilen Sie diese ganz einfach!\" \/>\n<meta name=\"robots\" content=\"index, follow, max-snippet:-1, max-image-preview:large, max-video-preview:-1\" \/>\n<link rel=\"canonical\" href=\"https:\/\/powerbi.pl\/de\/microsoft-power-bi\/visualisierung-der-daten\" \/>\n<meta property=\"og:locale\" content=\"de_DE\" \/>\n<meta property=\"og:type\" content=\"article\" \/>\n<meta property=\"og:title\" content=\"Visualisierung der Daten in Power BI \u2013 der Schl\u00fcssel zu effektiver Analytik\" \/>\n<meta property=\"og:description\" content=\"Die Datenvisualisierung in Power BI erm\u00f6glicht schnelles und intuitives Reporting. Erhalten Sie Einblick in Ihre Daten in Echtzeit und teilen Sie diese ganz einfach!\" \/>\n<meta property=\"og:url\" content=\"https:\/\/powerbi.pl\/de\/microsoft-power-bi\/visualisierung-der-daten\" \/>\n<meta property=\"og:site_name\" content=\"EBIS - Microsoft Power BI Partner\" \/>\n<meta property=\"article:modified_time\" content=\"2025-12-29T11:35:56+00:00\" \/>\n<meta property=\"og:image\" content=\"https:\/\/powerbi.pl\/wp-content\/uploads\/2024\/04\/xpower-bi-wizualizacja-dancyh.png.pagespeed.ic_.ZKEDrGmt9W.webp\" \/>\n\t<meta property=\"og:image:width\" content=\"791\" \/>\n\t<meta property=\"og:image:height\" content=\"442\" \/>\n\t<meta property=\"og:image:type\" content=\"image\/webp\" \/>\n<meta name=\"twitter:card\" content=\"summary_large_image\" \/>\n<meta name=\"twitter:label1\" content=\"Gesch\u00e4tzte Lesezeit\" \/>\n\t<meta name=\"twitter:data1\" content=\"3\u00a0Minuten\" \/>\n<script type=\"application\/ld+json\" class=\"yoast-schema-graph\">{\"@context\":\"https:\/\/schema.org\",\"@graph\":[{\"@type\":\"WebPage\",\"@id\":\"https:\/\/powerbi.pl\/de\/microsoft-power-bi\/visualisierung-der-daten\",\"url\":\"https:\/\/powerbi.pl\/de\/microsoft-power-bi\/visualisierung-der-daten\",\"name\":\"Visualisierung der Daten in Power BI \u2013 der Schl\u00fcssel zu effektiver Analytik\",\"isPartOf\":{\"@id\":\"https:\/\/powerbi.pl\/de#website\"},\"primaryImageOfPage\":{\"@id\":\"https:\/\/powerbi.pl\/de\/microsoft-power-bi\/visualisierung-der-daten#primaryimage\"},\"image\":{\"@id\":\"https:\/\/powerbi.pl\/de\/microsoft-power-bi\/visualisierung-der-daten#primaryimage\"},\"thumbnailUrl\":\"https:\/\/powerbi.pl\/wp-content\/uploads\/2024\/04\/xpower-bi-wizualizacja-dancyh.png.pagespeed.ic_.ZKEDrGmt9W.webp\",\"datePublished\":\"2024-04-04T12:00:27+00:00\",\"dateModified\":\"2025-12-29T11:35:56+00:00\",\"description\":\"Die Datenvisualisierung in Power BI erm\u00f6glicht schnelles und intuitives Reporting. Erhalten Sie Einblick in Ihre Daten in Echtzeit und teilen Sie diese ganz einfach!\",\"breadcrumb\":{\"@id\":\"https:\/\/powerbi.pl\/de\/microsoft-power-bi\/visualisierung-der-daten#breadcrumb\"},\"inLanguage\":\"de\",\"potentialAction\":[{\"@type\":\"ReadAction\",\"target\":[\"https:\/\/powerbi.pl\/de\/microsoft-power-bi\/visualisierung-der-daten\"]}]},{\"@type\":\"ImageObject\",\"inLanguage\":\"de\",\"@id\":\"https:\/\/powerbi.pl\/de\/microsoft-power-bi\/visualisierung-der-daten#primaryimage\",\"url\":\"https:\/\/powerbi.pl\/wp-content\/uploads\/2024\/04\/xpower-bi-wizualizacja-dancyh.png.pagespeed.ic_.ZKEDrGmt9W.webp\",\"contentUrl\":\"https:\/\/powerbi.pl\/wp-content\/uploads\/2024\/04\/xpower-bi-wizualizacja-dancyh.png.pagespeed.ic_.ZKEDrGmt9W.webp\"},{\"@type\":\"BreadcrumbList\",\"@id\":\"https:\/\/powerbi.pl\/de\/microsoft-power-bi\/visualisierung-der-daten#breadcrumb\",\"itemListElement\":[{\"@type\":\"ListItem\",\"position\":1,\"name\":\"Strona g\u0142\u00f3wna\",\"item\":\"https:\/\/powerbi.pl\/de\/hauptseite\"},{\"@type\":\"ListItem\",\"position\":2,\"name\":\"Microsoft Power BI\",\"item\":\"https:\/\/powerbi.pl\/de\/microsoft-power-bi\"},{\"@type\":\"ListItem\",\"position\":3,\"name\":\"Moderne Visualisierung von Gesch\u00e4ftsdaten\"}]},{\"@type\":\"WebSite\",\"@id\":\"https:\/\/powerbi.pl\/de#website\",\"url\":\"https:\/\/powerbi.pl\/de\",\"name\":\"EBIS - Microsoft Power BI Partner\",\"description\":\"us\u0142ugi analityczne\",\"publisher\":{\"@id\":\"https:\/\/powerbi.pl\/de#organization\"},\"alternateName\":\"Microsoft Power BI\",\"potentialAction\":[{\"@type\":\"SearchAction\",\"target\":{\"@type\":\"EntryPoint\",\"urlTemplate\":\"https:\/\/powerbi.pl\/de?s={search_term_string}\"},\"query-input\":{\"@type\":\"PropertyValueSpecification\",\"valueRequired\":true,\"valueName\":\"search_term_string\"}}],\"inLanguage\":\"de\"},{\"@type\":\"Organization\",\"@id\":\"https:\/\/powerbi.pl\/de#organization\",\"name\":\"EBIS\",\"alternateName\":\"EBIS\",\"url\":\"https:\/\/powerbi.pl\/de\",\"logo\":{\"@type\":\"ImageObject\",\"inLanguage\":\"de\",\"@id\":\"https:\/\/powerbi.pl\/de#\/schema\/logo\/image\/\",\"url\":\"https:\/\/powerbi.pl\/wp-content\/uploads\/2025\/12\/favicon-ebis.png\",\"contentUrl\":\"https:\/\/powerbi.pl\/wp-content\/uploads\/2025\/12\/favicon-ebis.png\",\"width\":512,\"height\":512,\"caption\":\"EBIS\"},\"image\":{\"@id\":\"https:\/\/powerbi.pl\/de#\/schema\/logo\/image\/\"},\"sameAs\":[\"https:\/\/www.linkedin.com\/company\/ebis-business-intelligence\/\"]}]}<\/script>\n<!-- \/ Yoast SEO plugin. -->","yoast_head_json":{"title":"Visualisierung der Daten in Power BI \u2013 der Schl\u00fcssel zu effektiver Analytik","description":"Die Datenvisualisierung in Power BI erm\u00f6glicht schnelles und intuitives Reporting. Erhalten Sie Einblick in Ihre Daten in Echtzeit und teilen Sie diese ganz einfach!","robots":{"index":"index","follow":"follow","max-snippet":"max-snippet:-1","max-image-preview":"max-image-preview:large","max-video-preview":"max-video-preview:-1"},"canonical":"https:\/\/powerbi.pl\/de\/microsoft-power-bi\/visualisierung-der-daten","og_locale":"de_DE","og_type":"article","og_title":"Visualisierung der Daten in Power BI \u2013 der Schl\u00fcssel zu effektiver Analytik","og_description":"Die Datenvisualisierung in Power BI erm\u00f6glicht schnelles und intuitives Reporting. Erhalten Sie Einblick in Ihre Daten in Echtzeit und teilen Sie diese ganz einfach!","og_url":"https:\/\/powerbi.pl\/de\/microsoft-power-bi\/visualisierung-der-daten","og_site_name":"EBIS - Microsoft Power BI Partner","article_modified_time":"2025-12-29T11:35:56+00:00","og_image":[{"width":791,"height":442,"url":"https:\/\/powerbi.pl\/wp-content\/uploads\/2024\/04\/xpower-bi-wizualizacja-dancyh.png.pagespeed.ic_.ZKEDrGmt9W.webp","type":"image\/webp"}],"twitter_card":"summary_large_image","twitter_misc":{"Gesch\u00e4tzte Lesezeit":"3\u00a0Minuten"},"schema":{"@context":"https:\/\/schema.org","@graph":[{"@type":"WebPage","@id":"https:\/\/powerbi.pl\/de\/microsoft-power-bi\/visualisierung-der-daten","url":"https:\/\/powerbi.pl\/de\/microsoft-power-bi\/visualisierung-der-daten","name":"Visualisierung der Daten in Power BI \u2013 der Schl\u00fcssel zu effektiver Analytik","isPartOf":{"@id":"https:\/\/powerbi.pl\/de#website"},"primaryImageOfPage":{"@id":"https:\/\/powerbi.pl\/de\/microsoft-power-bi\/visualisierung-der-daten#primaryimage"},"image":{"@id":"https:\/\/powerbi.pl\/de\/microsoft-power-bi\/visualisierung-der-daten#primaryimage"},"thumbnailUrl":"https:\/\/powerbi.pl\/wp-content\/uploads\/2024\/04\/xpower-bi-wizualizacja-dancyh.png.pagespeed.ic_.ZKEDrGmt9W.webp","datePublished":"2024-04-04T12:00:27+00:00","dateModified":"2025-12-29T11:35:56+00:00","description":"Die Datenvisualisierung in Power BI erm\u00f6glicht schnelles und intuitives Reporting. Erhalten Sie Einblick in Ihre Daten in Echtzeit und teilen Sie diese ganz einfach!","breadcrumb":{"@id":"https:\/\/powerbi.pl\/de\/microsoft-power-bi\/visualisierung-der-daten#breadcrumb"},"inLanguage":"de","potentialAction":[{"@type":"ReadAction","target":["https:\/\/powerbi.pl\/de\/microsoft-power-bi\/visualisierung-der-daten"]}]},{"@type":"ImageObject","inLanguage":"de","@id":"https:\/\/powerbi.pl\/de\/microsoft-power-bi\/visualisierung-der-daten#primaryimage","url":"https:\/\/powerbi.pl\/wp-content\/uploads\/2024\/04\/xpower-bi-wizualizacja-dancyh.png.pagespeed.ic_.ZKEDrGmt9W.webp","contentUrl":"https:\/\/powerbi.pl\/wp-content\/uploads\/2024\/04\/xpower-bi-wizualizacja-dancyh.png.pagespeed.ic_.ZKEDrGmt9W.webp"},{"@type":"BreadcrumbList","@id":"https:\/\/powerbi.pl\/de\/microsoft-power-bi\/visualisierung-der-daten#breadcrumb","itemListElement":[{"@type":"ListItem","position":1,"name":"Strona g\u0142\u00f3wna","item":"https:\/\/powerbi.pl\/de\/hauptseite"},{"@type":"ListItem","position":2,"name":"Microsoft Power BI","item":"https:\/\/powerbi.pl\/de\/microsoft-power-bi"},{"@type":"ListItem","position":3,"name":"Moderne Visualisierung von Gesch\u00e4ftsdaten"}]},{"@type":"WebSite","@id":"https:\/\/powerbi.pl\/de#website","url":"https:\/\/powerbi.pl\/de","name":"EBIS - Microsoft Power BI Partner","description":"us\u0142ugi analityczne","publisher":{"@id":"https:\/\/powerbi.pl\/de#organization"},"alternateName":"Microsoft Power BI","potentialAction":[{"@type":"SearchAction","target":{"@type":"EntryPoint","urlTemplate":"https:\/\/powerbi.pl\/de?s={search_term_string}"},"query-input":{"@type":"PropertyValueSpecification","valueRequired":true,"valueName":"search_term_string"}}],"inLanguage":"de"},{"@type":"Organization","@id":"https:\/\/powerbi.pl\/de#organization","name":"EBIS","alternateName":"EBIS","url":"https:\/\/powerbi.pl\/de","logo":{"@type":"ImageObject","inLanguage":"de","@id":"https:\/\/powerbi.pl\/de#\/schema\/logo\/image\/","url":"https:\/\/powerbi.pl\/wp-content\/uploads\/2025\/12\/favicon-ebis.png","contentUrl":"https:\/\/powerbi.pl\/wp-content\/uploads\/2025\/12\/favicon-ebis.png","width":512,"height":512,"caption":"EBIS"},"image":{"@id":"https:\/\/powerbi.pl\/de#\/schema\/logo\/image\/"},"sameAs":["https:\/\/www.linkedin.com\/company\/ebis-business-intelligence\/"]}]}},"_links":{"self":[{"href":"https:\/\/powerbi.pl\/de\/wp-json\/wp\/v2\/pages\/3134","targetHints":{"allow":["GET"]}}],"collection":[{"href":"https:\/\/powerbi.pl\/de\/wp-json\/wp\/v2\/pages"}],"about":[{"href":"https:\/\/powerbi.pl\/de\/wp-json\/wp\/v2\/types\/page"}],"author":[{"embeddable":true,"href":"https:\/\/powerbi.pl\/de\/wp-json\/wp\/v2\/users\/1"}],"replies":[{"embeddable":true,"href":"https:\/\/powerbi.pl\/de\/wp-json\/wp\/v2\/comments?post=3134"}],"version-history":[{"count":5,"href":"https:\/\/powerbi.pl\/de\/wp-json\/wp\/v2\/pages\/3134\/revisions"}],"predecessor-version":[{"id":10526,"href":"https:\/\/powerbi.pl\/de\/wp-json\/wp\/v2\/pages\/3134\/revisions\/10526"}],"up":[{"embeddable":true,"href":"https:\/\/powerbi.pl\/de\/wp-json\/wp\/v2\/pages\/3114"}],"wp:attachment":[{"href":"https:\/\/powerbi.pl\/de\/wp-json\/wp\/v2\/media?parent=3134"}],"curies":[{"name":"wp","href":"https:\/\/api.w.org\/{rel}","templated":true}]}}