{"id":3126,"date":"2024-04-04T16:47:37","date_gmt":"2024-04-04T14:47:37","guid":{"rendered":"https:\/\/mspowerbi.pl\/microsoft-power-bi\/datenmodellierung\/"},"modified":"2025-12-29T12:31:07","modified_gmt":"2025-12-29T11:31:07","slug":"datenmodellierung","status":"publish","type":"page","link":"https:\/\/powerbi.pl\/de\/microsoft-power-bi\/datenmodellierung","title":{"rendered":"Datenmodellierung"},"content":{"rendered":"\t\t<div data-elementor-type=\"wp-page\" data-elementor-id=\"3126\" class=\"elementor elementor-3126 elementor-1589\" data-elementor-post-type=\"page\">\n\t\t\t\t<div class=\"elementor-element elementor-element-154ca95 e-flex e-con-boxed e-con e-parent\" data-id=\"154ca95\" data-element_type=\"container\" data-e-type=\"container\">\n\t\t\t\t\t<div class=\"e-con-inner\">\n\t\t\t\t<div class=\"elementor-element elementor-element-c5f664e elementor-align-left elementor-widget elementor-widget-button\" data-id=\"c5f664e\" data-element_type=\"widget\" data-e-type=\"widget\" data-widget_type=\"button.default\">\n\t\t\t\t<div class=\"elementor-widget-container\">\n\t\t\t\t\t\t\t\t\t<div class=\"elementor-button-wrapper\">\n\t\t\t\t\t<a class=\"elementor-button elementor-button-link elementor-size-sm\" href=\"https:\/\/powerbi.pl\/de\/microsoft-power-bi\">\n\t\t\t\t\t\t<span class=\"elementor-button-content-wrapper\">\n\t\t\t\t\t\t\t\t\t<span class=\"elementor-button-text\">Microsoft Power BI<\/span>\n\t\t\t\t\t<\/span>\n\t\t\t\t\t<\/a>\n\t\t\t\t<\/div>\n\t\t\t\t\t\t\t\t<\/div>\n\t\t\t\t<\/div>\n\t\t\t\t\t<\/div>\n\t\t\t\t<\/div>\n\t\t<div class=\"elementor-element elementor-element-a2d6cb1 e-flex e-con-boxed e-con e-parent\" data-id=\"a2d6cb1\" data-element_type=\"container\" data-e-type=\"container\">\n\t\t\t\t\t<div class=\"e-con-inner\">\n\t\t<div class=\"elementor-element elementor-element-e5403fe e-con-full elementor-hidden-tablet elementor-hidden-mobile e-flex e-con e-child\" data-id=\"e5403fe\" data-element_type=\"container\" data-e-type=\"container\">\n\t\t\t\t<\/div>\n\t\t<div class=\"elementor-element elementor-element-d75b033 e-con-full e-flex e-con e-child\" data-id=\"d75b033\" data-element_type=\"container\" data-e-type=\"container\">\n\t\t\t\t<div class=\"elementor-element elementor-element-fb53979 elementor-widget elementor-widget-heading\" data-id=\"fb53979\" data-element_type=\"widget\" data-e-type=\"widget\" data-widget_type=\"heading.default\">\n\t\t\t\t<div class=\"elementor-widget-container\">\n\t\t\t\t\t<h2 class=\"elementor-heading-title elementor-size-default\">Datenmodellierung\nin Power BI<\/h2>\t\t\t\t<\/div>\n\t\t\t\t<\/div>\n\t\t\t\t<div class=\"elementor-element elementor-element-2cc0580 elementor-widget elementor-widget-text-editor\" data-id=\"2cc0580\" data-element_type=\"widget\" data-e-type=\"widget\" data-widget_type=\"text-editor.default\">\n\t\t\t\t<div class=\"elementor-widget-container\">\n\t\t\t\t\t\t\t\t\t<p>Mit der Datenmodellierung in Power BI k\u00f6nnen Sie verstreute Daten aus verschiedenen Quellen kombinieren, um attraktive und transparente Berichte zu erstellen.<\/p>\t\t\t\t\t\t\t\t<\/div>\n\t\t\t\t<\/div>\n\t\t\t\t<div class=\"elementor-element elementor-element-aaab5ef elementor-widget elementor-widget-text-editor\" data-id=\"aaab5ef\" data-element_type=\"widget\" data-e-type=\"widget\" data-widget_type=\"text-editor.default\">\n\t\t\t\t<div class=\"elementor-widget-container\">\n\t\t\t\t\t\t\t\t\t<p data-start=\"633\" data-end=\"1010\">Die Erstellung multidimensionaler und aussagekr\u00e4ftiger Berichte erfordert die Integration von Daten aus verschiedenen Systemen. Power BI \u2013 als Analyseplattform von Microsoft \u2013 erm\u00f6glicht eine solche Verbindung dank eines Mechanismus von Beziehungen zwischen Tabellen. Ein entsprechend gestaltetes Datenmodell erm\u00f6glicht anschlie\u00dfend die Erstellung wertvoller Visualisierungen und Analysen, die auf die tats\u00e4chlichen Gesch\u00e4ftsanforderungen zugeschnitten sind.  <\/p><p data-start=\"633\" data-end=\"1010\"> <\/p><p data-start=\"1012\" data-end=\"1224\">Dank der Datenmodellierungsfunktionen in Power BI k\u00f6nnen Sie auch eigene<strong data-start=\"1087\" data-end=\"1116\"> Berechnungen und Kennzahlen definieren<\/strong>, die Ihnen bei der Analyse bestimmter Datensegmente helfen \u2013 z. B. Umsatz nach Regionen, Produkten oder Kan\u00e4len.<\/p>\t\t\t\t\t\t\t\t<\/div>\n\t\t\t\t<\/div>\n\t\t\t\t<div class=\"elementor-element elementor-element-4801020 elementor-widget elementor-widget-image\" data-id=\"4801020\" data-element_type=\"widget\" data-e-type=\"widget\" data-widget_type=\"image.default\">\n\t\t\t\t<div class=\"elementor-widget-container\">\n\t\t\t\t\t\t\t\t\t\t\t\t\t\t\t<img fetchpriority=\"high\" decoding=\"async\" width=\"640\" height=\"359\" src=\"https:\/\/powerbi.pl\/wp-content\/uploads\/2024\/04\/xpower-bi-modelowanie-danych.png.pagespeed.ic_.FVSJwQoz26.webp\" class=\"attachment-large size-large wp-image-2262\" alt=\"\" srcset=\"https:\/\/powerbi.pl\/wp-content\/uploads\/2024\/04\/xpower-bi-modelowanie-danych.png.pagespeed.ic_.FVSJwQoz26.webp 792w, https:\/\/powerbi.pl\/wp-content\/uploads\/2024\/04\/xpower-bi-modelowanie-danych.png.pagespeed.ic_.FVSJwQoz26-300x168.webp 300w, https:\/\/powerbi.pl\/wp-content\/uploads\/2024\/04\/xpower-bi-modelowanie-danych.png.pagespeed.ic_.FVSJwQoz26-768x431.webp 768w, https:\/\/powerbi.pl\/wp-content\/uploads\/2024\/04\/xpower-bi-modelowanie-danych.png.pagespeed.ic_.FVSJwQoz26-600x336.webp 600w\" sizes=\"(max-width: 640px) 100vw, 640px\" \/>\t\t\t\t\t\t\t\t\t\t\t\t\t\t\t<\/div>\n\t\t\t\t<\/div>\n\t\t\t\t<div class=\"elementor-element elementor-element-1ad1c7d elementor-widget elementor-widget-heading\" data-id=\"1ad1c7d\" data-element_type=\"widget\" data-e-type=\"widget\" data-widget_type=\"heading.default\">\n\t\t\t\t<div class=\"elementor-widget-container\">\n\t\t\t\t\t<h2 class=\"elementor-heading-title elementor-size-default\">Warum ist Datenmodellierung entscheidend?<\/h2>\t\t\t\t<\/div>\n\t\t\t\t<\/div>\n\t\t\t\t<div class=\"elementor-element elementor-element-6150896 elementor-widget-divider--view-line elementor-widget elementor-widget-divider\" data-id=\"6150896\" data-element_type=\"widget\" data-e-type=\"widget\" data-widget_type=\"divider.default\">\n\t\t\t\t<div class=\"elementor-widget-container\">\n\t\t\t\t\t\t\t<div class=\"elementor-divider\">\n\t\t\t<span class=\"elementor-divider-separator\">\n\t\t\t\t\t\t<\/span>\n\t\t<\/div>\n\t\t\t\t\t\t<\/div>\n\t\t\t\t<\/div>\n\t\t\t\t<div class=\"elementor-element elementor-element-95c5150 elementor-widget elementor-widget-text-editor\" data-id=\"95c5150\" data-element_type=\"widget\" data-e-type=\"widget\" data-widget_type=\"text-editor.default\">\n\t\t\t\t<div class=\"elementor-widget-container\">\n\t\t\t\t\t\t\t\t\t<p class=\"MsoNormal\">In modernen Unternehmen sind Daten \u00fcber verschiedene Systeme verstreut \u2013 von ERP \u00fcber CRM bis hin zu Excel-Tabellen. Ohne eine entsprechende Datenmodellierung ist es schwierig, ein schl\u00fcssiges Bild der Situation zu erhalten. <\/p><p class=\"MsoNormal\"><b>Die Datenmodellierung in Power BI<\/b> erm\u00f6glicht es Ihnen, verschiedene Quellen in einer einzigen Analysestruktur zu kombinieren, die einen umfassenderen \u00dcberblick \u00fcber Gesch\u00e4ftsprozesse bietet. Dank des Datenmodells erhalten Berichte Kontext und Analysen werden pr\u00e4zise und wertvoll. <\/p><p> <\/p><p>Als <strong>Microsoft-Partner <\/strong>helfen wir Unternehmen dabei, Datenmodelle so zu gestalten, dass Power BI tats\u00e4chlich die t\u00e4glichen Gesch\u00e4ftsentscheidungen unterst\u00fctzt \u2013 und nicht nur ein weiteres Berichterstellungstool ist.<\/p>\t\t\t\t\t\t\t\t<\/div>\n\t\t\t\t<\/div>\n\t\t<div class=\"elementor-element elementor-element-eec54d6 e-con-full e-flex e-con e-child\" data-id=\"eec54d6\" data-element_type=\"container\" data-e-type=\"container\">\n\t\t\t\t<div class=\"elementor-element elementor-element-513be97 elementor-widget elementor-widget-button\" data-id=\"513be97\" data-element_type=\"widget\" data-e-type=\"widget\" data-widget_type=\"button.default\">\n\t\t\t\t<div class=\"elementor-widget-container\">\n\t\t\t\t\t\t\t\t\t<div class=\"elementor-button-wrapper\">\n\t\t\t\t\t<a class=\"elementor-button elementor-button-link elementor-size-sm\" href=\"https:\/\/powerbi.pl\/de\/kontakt\">\n\t\t\t\t\t\t<span class=\"elementor-button-content-wrapper\">\n\t\t\t\t\t\t\t\t\t<span class=\"elementor-button-text\">Angebot anfordern<\/span>\n\t\t\t\t\t<\/span>\n\t\t\t\t\t<\/a>\n\t\t\t\t<\/div>\n\t\t\t\t\t\t\t\t<\/div>\n\t\t\t\t<\/div>\n\t\t\t\t<\/div>\n\t\t\t\t<div class=\"elementor-element elementor-element-179a759 elementor-widget elementor-widget-heading\" data-id=\"179a759\" data-element_type=\"widget\" data-e-type=\"widget\" data-widget_type=\"heading.default\">\n\t\t\t\t<div class=\"elementor-widget-container\">\n\t\t\t\t\t<h2 class=\"elementor-heading-title elementor-size-default\">Wichtige Datenmodellierungsfunktionen in Power BI<\/h2>\t\t\t\t<\/div>\n\t\t\t\t<\/div>\n\t\t\t\t<div class=\"elementor-element elementor-element-471aae7 elementor-widget-divider--view-line elementor-widget elementor-widget-divider\" data-id=\"471aae7\" data-element_type=\"widget\" data-e-type=\"widget\" data-widget_type=\"divider.default\">\n\t\t\t\t<div class=\"elementor-widget-container\">\n\t\t\t\t\t\t\t<div class=\"elementor-divider\">\n\t\t\t<span class=\"elementor-divider-separator\">\n\t\t\t\t\t\t<\/span>\n\t\t<\/div>\n\t\t\t\t\t\t<\/div>\n\t\t\t\t<\/div>\n\t\t\t\t<div class=\"elementor-element elementor-element-2bb526d elementor-widget elementor-widget-text-editor\" data-id=\"2bb526d\" data-element_type=\"widget\" data-e-type=\"widget\" data-widget_type=\"text-editor.default\">\n\t\t\t\t<div class=\"elementor-widget-container\">\n\t\t\t\t\t\t\t\t\t<p class=\"MsoNormal\">Im Rahmen der <b>Datenmodellierung in Power BI<\/b> k\u00f6nnen Sie:<\/p><ul style=\"margin-top: 0cm;\" type=\"disc\"><li class=\"MsoNormal\">Erstellen Sie Beziehungen zwischen Datentabellen aus verschiedenen Quellen<\/li><li class=\"MsoNormal\">Definieren Sie Ihre eigenen Kennzahlen und Berechnungsspalten<\/li><li class=\"MsoNormal\">Filtern und aggregieren Sie Daten entsprechend den Gesch\u00e4ftsanforderungen<\/li><li class=\"MsoNormal\">Segmentieren Sie Daten nach Kontext (z. B. Region, Abteilung, Produkt).<\/li><li class=\"MsoNormal\">Verwenden Sie DAX, um benutzerdefinierte Berechnungen zu erstellen<\/li><\/ul><p class=\"MsoNormal\"> <\/p><p class=\"MsoNormal\">Erg\u00e4nzen Sie auch ein Beispiel, wie es in der Praxis funktioniert \u2013 z.B. Zusammenf\u00fchrung von Daten aus Excel und dem Vertriebssystem (vereinfacht, verst\u00e4ndlich).<\/p>\t\t\t\t\t\t\t\t<\/div>\n\t\t\t\t<\/div>\n\t\t\t\t<div class=\"elementor-element elementor-element-9df7e27 elementor-widget elementor-widget-heading\" data-id=\"9df7e27\" data-element_type=\"widget\" data-e-type=\"widget\" data-widget_type=\"heading.default\">\n\t\t\t\t<div class=\"elementor-widget-container\">\n\t\t\t\t\t<h2 class=\"elementor-heading-title elementor-size-default\">Wer profitiert von der Datenmodellierung?<\/h2>\t\t\t\t<\/div>\n\t\t\t\t<\/div>\n\t\t\t\t<div class=\"elementor-element elementor-element-193c047 elementor-widget-divider--view-line elementor-widget elementor-widget-divider\" data-id=\"193c047\" data-element_type=\"widget\" data-e-type=\"widget\" data-widget_type=\"divider.default\">\n\t\t\t\t<div class=\"elementor-widget-container\">\n\t\t\t\t\t\t\t<div class=\"elementor-divider\">\n\t\t\t<span class=\"elementor-divider-separator\">\n\t\t\t\t\t\t<\/span>\n\t\t<\/div>\n\t\t\t\t\t\t<\/div>\n\t\t\t\t<\/div>\n\t\t\t\t<div class=\"elementor-element elementor-element-539af4d elementor-widget elementor-widget-text-editor\" data-id=\"539af4d\" data-element_type=\"widget\" data-e-type=\"widget\" data-widget_type=\"text-editor.default\">\n\t\t\t\t<div class=\"elementor-widget-container\">\n\t\t\t\t\t\t\t\t\t<p class=\"MsoNormal\"><b>Datenmodellierung in Power BI<\/b> wird nicht nur von IT-Spezialisten genutzt. Das Tool richtet sich an Personen, die Daten selbst analysieren m\u00f6chten, ohne Code schreiben zu m\u00fcssen. Es wird verwendet von:  <\/p><p> <\/p><ul style=\"margin-top: 0cm;\" type=\"disc\"><li class=\"MsoNormal\">Abteilungsleiter \u2013 erhalten schnellen Einblick in wichtige Kennzahlen<\/li><li class=\"MsoNormal\">Analysten \u2013 Erstellen fortgeschrittener Modelle und Berichte<\/li><li class=\"MsoNormal\">Gesch\u00e4ftsanwender \u2013 Kombinieren von Daten und Ziehen von Schlussfolgerungen aus vorgefertigten Visualisierungen<\/li><\/ul>\t\t\t\t\t\t\t\t<\/div>\n\t\t\t\t<\/div>\n\t\t\t\t<div class=\"elementor-element elementor-element-7a6b2f5 elementor-widget elementor-widget-heading\" data-id=\"7a6b2f5\" data-element_type=\"widget\" data-e-type=\"widget\" data-widget_type=\"heading.default\">\n\t\t\t\t<div class=\"elementor-widget-container\">\n\t\t\t\t\t<h2 class=\"elementor-heading-title elementor-size-default\">EBIS Team Support<\/h2>\t\t\t\t<\/div>\n\t\t\t\t<\/div>\n\t\t\t\t<div class=\"elementor-element elementor-element-7e5a86e elementor-widget-divider--view-line elementor-widget elementor-widget-divider\" data-id=\"7e5a86e\" data-element_type=\"widget\" data-e-type=\"widget\" data-widget_type=\"divider.default\">\n\t\t\t\t<div class=\"elementor-widget-container\">\n\t\t\t\t\t\t\t<div class=\"elementor-divider\">\n\t\t\t<span class=\"elementor-divider-separator\">\n\t\t\t\t\t\t<\/span>\n\t\t<\/div>\n\t\t\t\t\t\t<\/div>\n\t\t\t\t<\/div>\n\t\t\t\t<div class=\"elementor-element elementor-element-3af92d6 elementor-widget elementor-widget-text-editor\" data-id=\"3af92d6\" data-element_type=\"widget\" data-e-type=\"widget\" data-widget_type=\"text-editor.default\">\n\t\t\t\t<div class=\"elementor-widget-container\">\n\t\t\t\t\t\t\t\t\t<p>EBIS ist ein Expertenteam f\u00fcr Power BI-Implementierungen und Business Intelligence-L\u00f6sungen. Seit Jahren unterst\u00fctzen wir Unternehmen bei der Datenmodellierung und dem Aufbau von Berichtsumgebungen, die auf ihre tats\u00e4chlichen Bed\u00fcrfnisse zugeschnitten sind. <\/p><p> <\/p><p>Durch die Zusammenarbeit mit uns:<\/p><p> <\/p><ul style=\"margin-top: 0cm;\" type=\"disc\"><li>Sie erhalten Unterst\u00fctzung bei der Erstellung eines auf Ihre Quellen zugeschnittenen Datenmodells<\/li><li>Sie bauen eine transparente Berichtsstruktur auf<\/li><li>Sie integrieren Daten aus unterschiedlichen Systemen und Dateien<\/li><li>Sie erhalten Schulungen und Dokumentationen, die es Ihnen erm\u00f6glichen, die Umgebung selbst zu entwickeln<\/li><\/ul>\t\t\t\t\t\t\t\t<\/div>\n\t\t\t\t<\/div>\n\t\t<div class=\"elementor-element elementor-element-9776d23 e-con-full e-flex e-con e-child\" data-id=\"9776d23\" data-element_type=\"container\" data-e-type=\"container\">\n\t\t\t\t<div class=\"elementor-element elementor-element-807744d elementor-widget elementor-widget-button\" data-id=\"807744d\" data-element_type=\"widget\" data-e-type=\"widget\" data-widget_type=\"button.default\">\n\t\t\t\t<div class=\"elementor-widget-container\">\n\t\t\t\t\t\t\t\t\t<div class=\"elementor-button-wrapper\">\n\t\t\t\t\t<a class=\"elementor-button elementor-button-link elementor-size-sm\" href=\"https:\/\/powerbi.pl\/de\/vereinbaren-sie-einen-kostenlosen-termin\">\n\t\t\t\t\t\t<span class=\"elementor-button-content-wrapper\">\n\t\t\t\t\t\t\t\t\t<span class=\"elementor-button-text\">Vereinbaren Sie ein kostenloses Beratungsgespr\u00e4ch<\/span>\n\t\t\t\t\t<\/span>\n\t\t\t\t\t<\/a>\n\t\t\t\t<\/div>\n\t\t\t\t\t\t\t\t<\/div>\n\t\t\t\t<\/div>\n\t\t\t\t<\/div>\n\t\t\t\t<\/div>\n\t\t\t\t\t<\/div>\n\t\t\t\t<\/div>\n\t\t\t\t<\/div>\n\t\t","protected":false},"excerpt":{"rendered":"<p>Microsoft Power BI Datenmodellierung in Power BI Mit der Datenmodellierung in Power BI k\u00f6nnen Sie verstreute Daten aus verschiedenen Quellen kombinieren, um attraktive und transparente Berichte zu erstellen. Die Erstellung multidimensionaler und aussagekr\u00e4ftiger Berichte erfordert die Integration von Daten aus verschiedenen Systemen. Power BI \u2013 als Analyseplattform von Microsoft \u2013 erm\u00f6glicht eine solche Verbindung dank [&hellip;]<\/p>\n","protected":false},"author":1,"featured_media":0,"parent":3114,"menu_order":0,"comment_status":"closed","ping_status":"closed","template":"","meta":{"inline_featured_image":false,"footnotes":""},"class_list":["post-3126","page","type-page","status-publish","hentry"],"yoast_head":"<!-- This site is optimized with the Yoast SEO plugin v27.0 - https:\/\/yoast.com\/product\/yoast-seo-wordpress\/ -->\n<title>Datenmodellierung in Power BI \u2013 \u00fcbersichtliche und ansprechende Berichte<\/title>\n<meta name=\"description\" content=\"Mit der Datenmodellierung in Power BI erstellen Sie ganz einfach benutzerdefinierte Berechnungen und leistungsstarke Visualisierungen. Verwandeln Sie Daten in Wissen!\" \/>\n<meta name=\"robots\" content=\"index, follow, max-snippet:-1, max-image-preview:large, max-video-preview:-1\" \/>\n<link rel=\"canonical\" href=\"https:\/\/powerbi.pl\/de\/microsoft-power-bi\/datenmodellierung\" \/>\n<meta property=\"og:locale\" content=\"de_DE\" \/>\n<meta property=\"og:type\" content=\"article\" \/>\n<meta property=\"og:title\" content=\"Datenmodellierung in Power BI \u2013 \u00fcbersichtliche und ansprechende Berichte\" \/>\n<meta property=\"og:description\" content=\"Mit der Datenmodellierung in Power BI erstellen Sie ganz einfach benutzerdefinierte Berechnungen und leistungsstarke Visualisierungen. Verwandeln Sie Daten in Wissen!\" \/>\n<meta property=\"og:url\" content=\"https:\/\/powerbi.pl\/de\/microsoft-power-bi\/datenmodellierung\" \/>\n<meta property=\"og:site_name\" content=\"EBIS - Microsoft Power BI Partner\" \/>\n<meta property=\"article:modified_time\" content=\"2025-12-29T11:31:07+00:00\" \/>\n<meta property=\"og:image\" content=\"https:\/\/powerbi.pl\/wp-content\/uploads\/2024\/04\/xpower-bi-modelowanie-danych.png.pagespeed.ic_.FVSJwQoz26.webp\" \/>\n\t<meta property=\"og:image:width\" content=\"792\" \/>\n\t<meta property=\"og:image:height\" content=\"444\" \/>\n\t<meta property=\"og:image:type\" content=\"image\/webp\" \/>\n<meta name=\"twitter:card\" content=\"summary_large_image\" \/>\n<meta name=\"twitter:label1\" content=\"Gesch\u00e4tzte Lesezeit\" \/>\n\t<meta name=\"twitter:data1\" content=\"1\u00a0Minute\" \/>\n<script type=\"application\/ld+json\" class=\"yoast-schema-graph\">{\"@context\":\"https:\/\/schema.org\",\"@graph\":[{\"@type\":\"WebPage\",\"@id\":\"https:\/\/powerbi.pl\/de\/microsoft-power-bi\/datenmodellierung\",\"url\":\"https:\/\/powerbi.pl\/de\/microsoft-power-bi\/datenmodellierung\",\"name\":\"Datenmodellierung in Power BI \u2013 \u00fcbersichtliche und ansprechende Berichte\",\"isPartOf\":{\"@id\":\"https:\/\/powerbi.pl\/de#website\"},\"primaryImageOfPage\":{\"@id\":\"https:\/\/powerbi.pl\/de\/microsoft-power-bi\/datenmodellierung#primaryimage\"},\"image\":{\"@id\":\"https:\/\/powerbi.pl\/de\/microsoft-power-bi\/datenmodellierung#primaryimage\"},\"thumbnailUrl\":\"https:\/\/powerbi.pl\/wp-content\/uploads\/2024\/04\/xpower-bi-modelowanie-danych.png.pagespeed.ic_.FVSJwQoz26.webp\",\"datePublished\":\"2024-04-04T14:47:37+00:00\",\"dateModified\":\"2025-12-29T11:31:07+00:00\",\"description\":\"Mit der Datenmodellierung in Power BI erstellen Sie ganz einfach benutzerdefinierte Berechnungen und leistungsstarke Visualisierungen. Verwandeln Sie Daten in Wissen!\",\"breadcrumb\":{\"@id\":\"https:\/\/powerbi.pl\/de\/microsoft-power-bi\/datenmodellierung#breadcrumb\"},\"inLanguage\":\"de\",\"potentialAction\":[{\"@type\":\"ReadAction\",\"target\":[\"https:\/\/powerbi.pl\/de\/microsoft-power-bi\/datenmodellierung\"]}]},{\"@type\":\"ImageObject\",\"inLanguage\":\"de\",\"@id\":\"https:\/\/powerbi.pl\/de\/microsoft-power-bi\/datenmodellierung#primaryimage\",\"url\":\"https:\/\/powerbi.pl\/wp-content\/uploads\/2024\/04\/xpower-bi-modelowanie-danych.png.pagespeed.ic_.FVSJwQoz26.webp\",\"contentUrl\":\"https:\/\/powerbi.pl\/wp-content\/uploads\/2024\/04\/xpower-bi-modelowanie-danych.png.pagespeed.ic_.FVSJwQoz26.webp\"},{\"@type\":\"BreadcrumbList\",\"@id\":\"https:\/\/powerbi.pl\/de\/microsoft-power-bi\/datenmodellierung#breadcrumb\",\"itemListElement\":[{\"@type\":\"ListItem\",\"position\":1,\"name\":\"Strona g\u0142\u00f3wna\",\"item\":\"https:\/\/powerbi.pl\/de\/hauptseite\"},{\"@type\":\"ListItem\",\"position\":2,\"name\":\"Microsoft Power BI\",\"item\":\"https:\/\/powerbi.pl\/de\/microsoft-power-bi\"},{\"@type\":\"ListItem\",\"position\":3,\"name\":\"Datenmodellierung\"}]},{\"@type\":\"WebSite\",\"@id\":\"https:\/\/powerbi.pl\/de#website\",\"url\":\"https:\/\/powerbi.pl\/de\",\"name\":\"EBIS - Microsoft Power BI Partner\",\"description\":\"us\u0142ugi analityczne\",\"publisher\":{\"@id\":\"https:\/\/powerbi.pl\/de#organization\"},\"alternateName\":\"Microsoft Power BI\",\"potentialAction\":[{\"@type\":\"SearchAction\",\"target\":{\"@type\":\"EntryPoint\",\"urlTemplate\":\"https:\/\/powerbi.pl\/de?s={search_term_string}\"},\"query-input\":{\"@type\":\"PropertyValueSpecification\",\"valueRequired\":true,\"valueName\":\"search_term_string\"}}],\"inLanguage\":\"de\"},{\"@type\":\"Organization\",\"@id\":\"https:\/\/powerbi.pl\/de#organization\",\"name\":\"EBIS\",\"alternateName\":\"EBIS\",\"url\":\"https:\/\/powerbi.pl\/de\",\"logo\":{\"@type\":\"ImageObject\",\"inLanguage\":\"de\",\"@id\":\"https:\/\/powerbi.pl\/de#\/schema\/logo\/image\/\",\"url\":\"https:\/\/powerbi.pl\/wp-content\/uploads\/2025\/12\/favicon-ebis.png\",\"contentUrl\":\"https:\/\/powerbi.pl\/wp-content\/uploads\/2025\/12\/favicon-ebis.png\",\"width\":512,\"height\":512,\"caption\":\"EBIS\"},\"image\":{\"@id\":\"https:\/\/powerbi.pl\/de#\/schema\/logo\/image\/\"},\"sameAs\":[\"https:\/\/www.linkedin.com\/company\/ebis-business-intelligence\/\"]}]}<\/script>\n<!-- \/ Yoast SEO plugin. -->","yoast_head_json":{"title":"Datenmodellierung in Power BI \u2013 \u00fcbersichtliche und ansprechende Berichte","description":"Mit der Datenmodellierung in Power BI erstellen Sie ganz einfach benutzerdefinierte Berechnungen und leistungsstarke Visualisierungen. Verwandeln Sie Daten in Wissen!","robots":{"index":"index","follow":"follow","max-snippet":"max-snippet:-1","max-image-preview":"max-image-preview:large","max-video-preview":"max-video-preview:-1"},"canonical":"https:\/\/powerbi.pl\/de\/microsoft-power-bi\/datenmodellierung","og_locale":"de_DE","og_type":"article","og_title":"Datenmodellierung in Power BI \u2013 \u00fcbersichtliche und ansprechende Berichte","og_description":"Mit der Datenmodellierung in Power BI erstellen Sie ganz einfach benutzerdefinierte Berechnungen und leistungsstarke Visualisierungen. Verwandeln Sie Daten in Wissen!","og_url":"https:\/\/powerbi.pl\/de\/microsoft-power-bi\/datenmodellierung","og_site_name":"EBIS - Microsoft Power BI Partner","article_modified_time":"2025-12-29T11:31:07+00:00","og_image":[{"width":792,"height":444,"url":"https:\/\/powerbi.pl\/wp-content\/uploads\/2024\/04\/xpower-bi-modelowanie-danych.png.pagespeed.ic_.FVSJwQoz26.webp","type":"image\/webp"}],"twitter_card":"summary_large_image","twitter_misc":{"Gesch\u00e4tzte Lesezeit":"1\u00a0Minute"},"schema":{"@context":"https:\/\/schema.org","@graph":[{"@type":"WebPage","@id":"https:\/\/powerbi.pl\/de\/microsoft-power-bi\/datenmodellierung","url":"https:\/\/powerbi.pl\/de\/microsoft-power-bi\/datenmodellierung","name":"Datenmodellierung in Power BI \u2013 \u00fcbersichtliche und ansprechende Berichte","isPartOf":{"@id":"https:\/\/powerbi.pl\/de#website"},"primaryImageOfPage":{"@id":"https:\/\/powerbi.pl\/de\/microsoft-power-bi\/datenmodellierung#primaryimage"},"image":{"@id":"https:\/\/powerbi.pl\/de\/microsoft-power-bi\/datenmodellierung#primaryimage"},"thumbnailUrl":"https:\/\/powerbi.pl\/wp-content\/uploads\/2024\/04\/xpower-bi-modelowanie-danych.png.pagespeed.ic_.FVSJwQoz26.webp","datePublished":"2024-04-04T14:47:37+00:00","dateModified":"2025-12-29T11:31:07+00:00","description":"Mit der Datenmodellierung in Power BI erstellen Sie ganz einfach benutzerdefinierte Berechnungen und leistungsstarke Visualisierungen. Verwandeln Sie Daten in Wissen!","breadcrumb":{"@id":"https:\/\/powerbi.pl\/de\/microsoft-power-bi\/datenmodellierung#breadcrumb"},"inLanguage":"de","potentialAction":[{"@type":"ReadAction","target":["https:\/\/powerbi.pl\/de\/microsoft-power-bi\/datenmodellierung"]}]},{"@type":"ImageObject","inLanguage":"de","@id":"https:\/\/powerbi.pl\/de\/microsoft-power-bi\/datenmodellierung#primaryimage","url":"https:\/\/powerbi.pl\/wp-content\/uploads\/2024\/04\/xpower-bi-modelowanie-danych.png.pagespeed.ic_.FVSJwQoz26.webp","contentUrl":"https:\/\/powerbi.pl\/wp-content\/uploads\/2024\/04\/xpower-bi-modelowanie-danych.png.pagespeed.ic_.FVSJwQoz26.webp"},{"@type":"BreadcrumbList","@id":"https:\/\/powerbi.pl\/de\/microsoft-power-bi\/datenmodellierung#breadcrumb","itemListElement":[{"@type":"ListItem","position":1,"name":"Strona g\u0142\u00f3wna","item":"https:\/\/powerbi.pl\/de\/hauptseite"},{"@type":"ListItem","position":2,"name":"Microsoft Power BI","item":"https:\/\/powerbi.pl\/de\/microsoft-power-bi"},{"@type":"ListItem","position":3,"name":"Datenmodellierung"}]},{"@type":"WebSite","@id":"https:\/\/powerbi.pl\/de#website","url":"https:\/\/powerbi.pl\/de","name":"EBIS - Microsoft Power BI Partner","description":"us\u0142ugi analityczne","publisher":{"@id":"https:\/\/powerbi.pl\/de#organization"},"alternateName":"Microsoft Power BI","potentialAction":[{"@type":"SearchAction","target":{"@type":"EntryPoint","urlTemplate":"https:\/\/powerbi.pl\/de?s={search_term_string}"},"query-input":{"@type":"PropertyValueSpecification","valueRequired":true,"valueName":"search_term_string"}}],"inLanguage":"de"},{"@type":"Organization","@id":"https:\/\/powerbi.pl\/de#organization","name":"EBIS","alternateName":"EBIS","url":"https:\/\/powerbi.pl\/de","logo":{"@type":"ImageObject","inLanguage":"de","@id":"https:\/\/powerbi.pl\/de#\/schema\/logo\/image\/","url":"https:\/\/powerbi.pl\/wp-content\/uploads\/2025\/12\/favicon-ebis.png","contentUrl":"https:\/\/powerbi.pl\/wp-content\/uploads\/2025\/12\/favicon-ebis.png","width":512,"height":512,"caption":"EBIS"},"image":{"@id":"https:\/\/powerbi.pl\/de#\/schema\/logo\/image\/"},"sameAs":["https:\/\/www.linkedin.com\/company\/ebis-business-intelligence\/"]}]}},"_links":{"self":[{"href":"https:\/\/powerbi.pl\/de\/wp-json\/wp\/v2\/pages\/3126","targetHints":{"allow":["GET"]}}],"collection":[{"href":"https:\/\/powerbi.pl\/de\/wp-json\/wp\/v2\/pages"}],"about":[{"href":"https:\/\/powerbi.pl\/de\/wp-json\/wp\/v2\/types\/page"}],"author":[{"embeddable":true,"href":"https:\/\/powerbi.pl\/de\/wp-json\/wp\/v2\/users\/1"}],"replies":[{"embeddable":true,"href":"https:\/\/powerbi.pl\/de\/wp-json\/wp\/v2\/comments?post=3126"}],"version-history":[{"count":4,"href":"https:\/\/powerbi.pl\/de\/wp-json\/wp\/v2\/pages\/3126\/revisions"}],"predecessor-version":[{"id":10517,"href":"https:\/\/powerbi.pl\/de\/wp-json\/wp\/v2\/pages\/3126\/revisions\/10517"}],"up":[{"embeddable":true,"href":"https:\/\/powerbi.pl\/de\/wp-json\/wp\/v2\/pages\/3114"}],"wp:attachment":[{"href":"https:\/\/powerbi.pl\/de\/wp-json\/wp\/v2\/media?parent=3126"}],"curies":[{"name":"wp","href":"https:\/\/api.w.org\/{rel}","templated":true}]}}