{"id":3110,"date":"2024-04-18T01:10:11","date_gmt":"2024-04-17T23:10:11","guid":{"rendered":"https:\/\/mspowerbi.pl\/kaufen-sie-eine-power-bi-lizenz\/"},"modified":"2025-08-11T10:08:52","modified_gmt":"2025-08-11T08:08:52","slug":"kaufen-sie-eine-power-bi-lizenz","status":"publish","type":"page","link":"https:\/\/powerbi.pl\/de\/kaufen-sie-eine-power-bi-lizenz","title":{"rendered":"Kaufen Sie eine Power BI-Lizenz"},"content":{"rendered":"\t\t<div data-elementor-type=\"wp-page\" data-elementor-id=\"3110\" class=\"elementor elementor-3110 elementor-2620\" data-elementor-post-type=\"page\">\n\t\t\t\t<div class=\"elementor-element elementor-element-b11aa51 e-flex e-con-boxed e-con e-parent\" data-id=\"b11aa51\" data-element_type=\"container\" data-e-type=\"container\">\n\t\t\t\t\t<div class=\"e-con-inner\">\n\t\t\t\t<div class=\"elementor-element elementor-element-4c817f0 elementor-widget elementor-widget-heading\" data-id=\"4c817f0\" data-element_type=\"widget\" data-e-type=\"widget\" data-widget_type=\"heading.default\">\n\t\t\t\t<div class=\"elementor-widget-container\">\n\t\t\t\t\t<h1 class=\"elementor-heading-title elementor-size-default\">Kaufen Sie eine Power BI-Lizenz<\/h1>\t\t\t\t<\/div>\n\t\t\t\t<\/div>\n\t\t\t\t<div class=\"elementor-element elementor-element-82cdc4f elementor-widget elementor-widget-text-editor\" data-id=\"82cdc4f\" data-element_type=\"widget\" data-e-type=\"widget\" data-widget_type=\"text-editor.default\">\n\t\t\t\t<div class=\"elementor-widget-container\">\n\t\t\t\t\t\t\t\t\t<p>Nutzen Sie Power BI in Ihrem Unternehmen. Kaufen Sie eine Power BI-Lizenz &#8211; visualisieren und analysieren Sie Daten schnell und intuitiv wie nie zuvor. F\u00fcllen Sie das Formular aus und wir werden Sie mit einem ma\u00dfgeschneiderten Angebot f\u00fcr den Kauf einer Power BI-Lizenz kontaktieren.<\/p>\t\t\t\t\t\t\t\t<\/div>\n\t\t\t\t<\/div>\n\t\t\t\t<div class=\"elementor-element elementor-element-75540a0 elementor-widget elementor-widget-shortcode\" data-id=\"75540a0\" data-element_type=\"widget\" data-e-type=\"widget\" data-widget_type=\"shortcode.default\">\n\t\t\t\t<div class=\"elementor-widget-container\">\n\t\t\t\t\t\t\t<div class=\"elementor-shortcode\">\n<div class=\"wpcf7 no-js\" id=\"wpcf7-f3400-o1\" lang=\"de-DE\" dir=\"ltr\" data-wpcf7-id=\"3400\">\n<div class=\"screen-reader-response\"><p role=\"status\" aria-live=\"polite\" aria-atomic=\"true\"><\/p> <ul><\/ul><\/div>\n<form action=\"\/de\/wp-json\/wp\/v2\/pages\/3110#wpcf7-f3400-o1\" method=\"post\" class=\"wpcf7-form init wpcf7-acceptance-as-validation\" aria-label=\"Kontaktformular\" novalidate=\"novalidate\" data-status=\"init\">\n<fieldset class=\"hidden-fields-container\"><input type=\"hidden\" name=\"_wpcf7\" value=\"3400\" \/><input type=\"hidden\" name=\"_wpcf7_version\" value=\"6.1.5\" \/><input type=\"hidden\" name=\"_wpcf7_locale\" value=\"de_DE\" \/><input type=\"hidden\" name=\"_wpcf7_unit_tag\" value=\"wpcf7-f3400-o1\" \/><input type=\"hidden\" name=\"_wpcf7_container_post\" value=\"0\" \/><input type=\"hidden\" name=\"_wpcf7_posted_data_hash\" value=\"\" \/><input type=\"hidden\" name=\"_wpcf7_recaptcha_response\" value=\"\" \/>\n<\/fieldset>\n<h2 class=\"form-title\">Kontakt-Formular\n<\/h2>\n<p><label><span class=\"wpcf7-form-control-wrap\" data-name=\"your-name\"><input size=\"40\" maxlength=\"400\" class=\"wpcf7-form-control wpcf7-text wpcf7-validates-as-required\" autocomplete=\"name\" aria-required=\"true\" aria-invalid=\"false\" placeholder=\"Name\" value=\"\" type=\"text\" name=\"your-name\" \/><\/span><\/label>\n<\/p>\n<p><label><span class=\"wpcf7-form-control-wrap\" data-name=\"your-email\"><input size=\"40\" maxlength=\"400\" class=\"wpcf7-form-control wpcf7-email wpcf7-validates-as-required wpcf7-text wpcf7-validates-as-email\" autocomplete=\"email\" aria-required=\"true\" aria-invalid=\"false\" placeholder=\"E-Mail*\" value=\"\" type=\"email\" name=\"your-email\" \/><\/span> <\/label>\n<\/p>\n<p><label><span class=\"wpcf7-form-control-wrap\" data-name=\"text-574\"><input size=\"40\" maxlength=\"400\" class=\"wpcf7-form-control wpcf7-text wpcf7-validates-as-required\" aria-required=\"true\" aria-invalid=\"false\" placeholder=\"Telefon*\" value=\"\" type=\"text\" name=\"text-574\" \/><\/span> <\/label>\n<\/p>\n<p><label><span class=\"wpcf7-form-control-wrap\" data-name=\"your-message\"><textarea cols=\"40\" rows=\"10\" maxlength=\"2000\" class=\"wpcf7-form-control wpcf7-textarea\" aria-invalid=\"false\" placeholder=\"Ihre Nachricht\" name=\"your-message\"><\/textarea><\/span> <\/label>\n<\/p>\n<div class=\"submit-check\">\n\t<p><span class=\"wpcf7-form-control-wrap\" data-name=\"acceptance-33\"><span class=\"wpcf7-form-control wpcf7-acceptance\"><span class=\"wpcf7-list-item\"><label><input type=\"checkbox\" name=\"acceptance-33\" value=\"1\" aria-invalid=\"false\" \/><span class=\"wpcf7-list-item-label\">Ich stimme der Verarbeitung meiner personenbezogenen Daten durch EBIS GmbH zum Zweck der Beantwortung meiner Nachricht per Telefon oder E-Mail zu.*<\/span><\/label><\/span><\/span><\/span><br \/>\n<span class=\"wpcf7-form-control-wrap\" data-name=\"acceptance-722\"><span class=\"wpcf7-form-control wpcf7-acceptance optional\"><span class=\"wpcf7-list-item\"><label><input type=\"checkbox\" name=\"acceptance-722\" value=\"1\" aria-invalid=\"false\" \/><span class=\"wpcf7-list-item-label\">Ich stimme der Verarbeitung meiner Daten durch EBIS GmbH zum Zweck des Erhalts von Updates und Marketinginhalten per E-Mail zu.<\/span><\/label><\/span><\/span><\/span>\n\t<\/p>\n<\/div>\n<div class=\"submit-btn\">\n\t<p><input class=\"wpcf7-form-control wpcf7-submit has-spinner\" type=\"submit\" value=\"Eine Nachricht schicken\" \/>\n\t<\/p>\n<\/div><div class=\"wpcf7-response-output\" aria-hidden=\"true\"><\/div>\n<\/form>\n<\/div>\n<\/div>\n\t\t\t\t\t\t<\/div>\n\t\t\t\t<\/div>\n\t\t\t\t\t<\/div>\n\t\t\t\t<\/div>\n\t\t\t\t<\/div>\n\t\t","protected":false},"excerpt":{"rendered":"<p>Kaufen Sie eine Power BI-Lizenz Nutzen Sie Power BI in Ihrem Unternehmen. Kaufen Sie eine Power BI-Lizenz &#8211; visualisieren und analysieren Sie Daten schnell und intuitiv wie nie zuvor. F\u00fcllen Sie das Formular aus und wir werden Sie mit einem ma\u00dfgeschneiderten Angebot f\u00fcr den Kauf einer Power BI-Lizenz kontaktieren.<\/p>\n","protected":false},"author":1,"featured_media":0,"parent":0,"menu_order":0,"comment_status":"closed","ping_status":"closed","template":"","meta":{"inline_featured_image":false,"footnotes":""},"class_list":["post-3110","page","type-page","status-publish","hentry"],"yoast_head":"<!-- This site is optimized with the Yoast SEO plugin v27.0 - https:\/\/yoast.com\/product\/yoast-seo-wordpress\/ -->\n<title>Kaufen Sie eine Power BI-Lizenz \u2013 starten Sie Ihre Entwicklung mit Business Intelligence<\/title>\n<meta name=\"description\" content=\"Sie m\u00f6chten eine Power BI-Lizenz kaufen, wissen aber nicht, welche Sie w\u00e4hlen sollen? Nutzen Sie die Unterst\u00fctzung der erfahrenen Berater von EBIS!\" \/>\n<meta name=\"robots\" content=\"index, follow, max-snippet:-1, max-image-preview:large, max-video-preview:-1\" \/>\n<link rel=\"canonical\" href=\"https:\/\/powerbi.pl\/de\/kaufen-sie-eine-power-bi-lizenz\" \/>\n<meta property=\"og:locale\" content=\"de_DE\" \/>\n<meta property=\"og:type\" content=\"article\" \/>\n<meta property=\"og:title\" content=\"Kaufen Sie eine Power BI-Lizenz \u2013 starten Sie Ihre Entwicklung mit Business Intelligence\" \/>\n<meta property=\"og:description\" content=\"Sie m\u00f6chten eine Power BI-Lizenz kaufen, wissen aber nicht, welche Sie w\u00e4hlen sollen? Nutzen Sie die Unterst\u00fctzung der erfahrenen Berater von EBIS!\" \/>\n<meta property=\"og:url\" content=\"https:\/\/powerbi.pl\/de\/kaufen-sie-eine-power-bi-lizenz\" \/>\n<meta property=\"og:site_name\" content=\"EBIS - Microsoft Power BI Partner\" \/>\n<meta property=\"article:modified_time\" content=\"2025-08-11T08:08:52+00:00\" \/>\n<meta property=\"og:image\" content=\"https:\/\/powerbi.pl\/wp-content\/uploads\/2024\/03\/EBIS-RGB-znak_500px-3.webp\" \/>\n\t<meta property=\"og:image:width\" content=\"500\" \/>\n\t<meta property=\"og:image:height\" content=\"186\" \/>\n\t<meta property=\"og:image:type\" content=\"image\/webp\" \/>\n<meta name=\"twitter:card\" content=\"summary_large_image\" \/>\n<script type=\"application\/ld+json\" class=\"yoast-schema-graph\">{\"@context\":\"https:\/\/schema.org\",\"@graph\":[{\"@type\":\"WebPage\",\"@id\":\"https:\/\/powerbi.pl\/de\/kaufen-sie-eine-power-bi-lizenz\",\"url\":\"https:\/\/powerbi.pl\/de\/kaufen-sie-eine-power-bi-lizenz\",\"name\":\"Kaufen Sie eine Power BI-Lizenz \u2013 starten Sie Ihre Entwicklung mit Business Intelligence\",\"isPartOf\":{\"@id\":\"https:\/\/powerbi.pl\/de#website\"},\"datePublished\":\"2024-04-17T23:10:11+00:00\",\"dateModified\":\"2025-08-11T08:08:52+00:00\",\"description\":\"Sie m\u00f6chten eine Power BI-Lizenz kaufen, wissen aber nicht, welche Sie w\u00e4hlen sollen? Nutzen Sie die Unterst\u00fctzung der erfahrenen Berater von EBIS!\",\"breadcrumb\":{\"@id\":\"https:\/\/powerbi.pl\/de\/kaufen-sie-eine-power-bi-lizenz#breadcrumb\"},\"inLanguage\":\"de\",\"potentialAction\":[{\"@type\":\"ReadAction\",\"target\":[\"https:\/\/powerbi.pl\/de\/kaufen-sie-eine-power-bi-lizenz\"]}]},{\"@type\":\"BreadcrumbList\",\"@id\":\"https:\/\/powerbi.pl\/de\/kaufen-sie-eine-power-bi-lizenz#breadcrumb\",\"itemListElement\":[{\"@type\":\"ListItem\",\"position\":1,\"name\":\"Strona g\u0142\u00f3wna\",\"item\":\"https:\/\/powerbi.pl\/de\/hauptseite\"},{\"@type\":\"ListItem\",\"position\":2,\"name\":\"Kaufen Sie eine Power BI-Lizenz\"}]},{\"@type\":\"WebSite\",\"@id\":\"https:\/\/powerbi.pl\/de#website\",\"url\":\"https:\/\/powerbi.pl\/de\",\"name\":\"EBIS - Microsoft Power BI Partner\",\"description\":\"us\u0142ugi analityczne\",\"publisher\":{\"@id\":\"https:\/\/powerbi.pl\/de#organization\"},\"alternateName\":\"Microsoft Power BI\",\"potentialAction\":[{\"@type\":\"SearchAction\",\"target\":{\"@type\":\"EntryPoint\",\"urlTemplate\":\"https:\/\/powerbi.pl\/de?s={search_term_string}\"},\"query-input\":{\"@type\":\"PropertyValueSpecification\",\"valueRequired\":true,\"valueName\":\"search_term_string\"}}],\"inLanguage\":\"de\"},{\"@type\":\"Organization\",\"@id\":\"https:\/\/powerbi.pl\/de#organization\",\"name\":\"EBIS\",\"alternateName\":\"EBIS\",\"url\":\"https:\/\/powerbi.pl\/de\",\"logo\":{\"@type\":\"ImageObject\",\"inLanguage\":\"de\",\"@id\":\"https:\/\/powerbi.pl\/de#\/schema\/logo\/image\/\",\"url\":\"https:\/\/powerbi.pl\/wp-content\/uploads\/2025\/12\/favicon-ebis.png\",\"contentUrl\":\"https:\/\/powerbi.pl\/wp-content\/uploads\/2025\/12\/favicon-ebis.png\",\"width\":512,\"height\":512,\"caption\":\"EBIS\"},\"image\":{\"@id\":\"https:\/\/powerbi.pl\/de#\/schema\/logo\/image\/\"},\"sameAs\":[\"https:\/\/www.linkedin.com\/company\/ebis-business-intelligence\/\"]}]}<\/script>\n<!-- \/ Yoast SEO plugin. -->","yoast_head_json":{"title":"Kaufen Sie eine Power BI-Lizenz \u2013 starten Sie Ihre Entwicklung mit Business Intelligence","description":"Sie m\u00f6chten eine Power BI-Lizenz kaufen, wissen aber nicht, welche Sie w\u00e4hlen sollen? Nutzen Sie die Unterst\u00fctzung der erfahrenen Berater von EBIS!","robots":{"index":"index","follow":"follow","max-snippet":"max-snippet:-1","max-image-preview":"max-image-preview:large","max-video-preview":"max-video-preview:-1"},"canonical":"https:\/\/powerbi.pl\/de\/kaufen-sie-eine-power-bi-lizenz","og_locale":"de_DE","og_type":"article","og_title":"Kaufen Sie eine Power BI-Lizenz \u2013 starten Sie Ihre Entwicklung mit Business Intelligence","og_description":"Sie m\u00f6chten eine Power BI-Lizenz kaufen, wissen aber nicht, welche Sie w\u00e4hlen sollen? Nutzen Sie die Unterst\u00fctzung der erfahrenen Berater von EBIS!","og_url":"https:\/\/powerbi.pl\/de\/kaufen-sie-eine-power-bi-lizenz","og_site_name":"EBIS - Microsoft Power BI Partner","article_modified_time":"2025-08-11T08:08:52+00:00","og_image":[{"width":500,"height":186,"url":"https:\/\/powerbi.pl\/wp-content\/uploads\/2024\/03\/EBIS-RGB-znak_500px-3.webp","type":"image\/webp"}],"twitter_card":"summary_large_image","schema":{"@context":"https:\/\/schema.org","@graph":[{"@type":"WebPage","@id":"https:\/\/powerbi.pl\/de\/kaufen-sie-eine-power-bi-lizenz","url":"https:\/\/powerbi.pl\/de\/kaufen-sie-eine-power-bi-lizenz","name":"Kaufen Sie eine Power BI-Lizenz \u2013 starten Sie Ihre Entwicklung mit Business Intelligence","isPartOf":{"@id":"https:\/\/powerbi.pl\/de#website"},"datePublished":"2024-04-17T23:10:11+00:00","dateModified":"2025-08-11T08:08:52+00:00","description":"Sie m\u00f6chten eine Power BI-Lizenz kaufen, wissen aber nicht, welche Sie w\u00e4hlen sollen? Nutzen Sie die Unterst\u00fctzung der erfahrenen Berater von EBIS!","breadcrumb":{"@id":"https:\/\/powerbi.pl\/de\/kaufen-sie-eine-power-bi-lizenz#breadcrumb"},"inLanguage":"de","potentialAction":[{"@type":"ReadAction","target":["https:\/\/powerbi.pl\/de\/kaufen-sie-eine-power-bi-lizenz"]}]},{"@type":"BreadcrumbList","@id":"https:\/\/powerbi.pl\/de\/kaufen-sie-eine-power-bi-lizenz#breadcrumb","itemListElement":[{"@type":"ListItem","position":1,"name":"Strona g\u0142\u00f3wna","item":"https:\/\/powerbi.pl\/de\/hauptseite"},{"@type":"ListItem","position":2,"name":"Kaufen Sie eine Power BI-Lizenz"}]},{"@type":"WebSite","@id":"https:\/\/powerbi.pl\/de#website","url":"https:\/\/powerbi.pl\/de","name":"EBIS - Microsoft Power BI Partner","description":"us\u0142ugi analityczne","publisher":{"@id":"https:\/\/powerbi.pl\/de#organization"},"alternateName":"Microsoft Power BI","potentialAction":[{"@type":"SearchAction","target":{"@type":"EntryPoint","urlTemplate":"https:\/\/powerbi.pl\/de?s={search_term_string}"},"query-input":{"@type":"PropertyValueSpecification","valueRequired":true,"valueName":"search_term_string"}}],"inLanguage":"de"},{"@type":"Organization","@id":"https:\/\/powerbi.pl\/de#organization","name":"EBIS","alternateName":"EBIS","url":"https:\/\/powerbi.pl\/de","logo":{"@type":"ImageObject","inLanguage":"de","@id":"https:\/\/powerbi.pl\/de#\/schema\/logo\/image\/","url":"https:\/\/powerbi.pl\/wp-content\/uploads\/2025\/12\/favicon-ebis.png","contentUrl":"https:\/\/powerbi.pl\/wp-content\/uploads\/2025\/12\/favicon-ebis.png","width":512,"height":512,"caption":"EBIS"},"image":{"@id":"https:\/\/powerbi.pl\/de#\/schema\/logo\/image\/"},"sameAs":["https:\/\/www.linkedin.com\/company\/ebis-business-intelligence\/"]}]}},"_links":{"self":[{"href":"https:\/\/powerbi.pl\/de\/wp-json\/wp\/v2\/pages\/3110","targetHints":{"allow":["GET"]}}],"collection":[{"href":"https:\/\/powerbi.pl\/de\/wp-json\/wp\/v2\/pages"}],"about":[{"href":"https:\/\/powerbi.pl\/de\/wp-json\/wp\/v2\/types\/page"}],"author":[{"embeddable":true,"href":"https:\/\/powerbi.pl\/de\/wp-json\/wp\/v2\/users\/1"}],"replies":[{"embeddable":true,"href":"https:\/\/powerbi.pl\/de\/wp-json\/wp\/v2\/comments?post=3110"}],"version-history":[{"count":2,"href":"https:\/\/powerbi.pl\/de\/wp-json\/wp\/v2\/pages\/3110\/revisions"}],"predecessor-version":[{"id":8822,"href":"https:\/\/powerbi.pl\/de\/wp-json\/wp\/v2\/pages\/3110\/revisions\/8822"}],"wp:attachment":[{"href":"https:\/\/powerbi.pl\/de\/wp-json\/wp\/v2\/media?parent=3110"}],"curies":[{"name":"wp","href":"https:\/\/api.w.org\/{rel}","templated":true}]}}